{"id":16883,"date":"2015-09-30T03:47:42","date_gmt":"2015-09-30T03:47:42","guid":{"rendered":"https:\/\/cconceptt.com.tr\/?page_id=16883"},"modified":"2015-09-30T03:47:42","modified_gmt":"2015-09-30T03:47:42","slug":"product-carousel","status":"publish","type":"page","link":"https:\/\/cconceptt.com.tr\/index.php\/product-carousel\/","title":{"rendered":"Product Carousel"},"content":{"rendered":"<p><div class=\"fusion-fullwidth fullwidth-box fusion-builder-row-1 fusion-flex-container fusion-parallax-none nonhundred-percent-fullwidth non-hundred-percent-height-scrolling lazyload\" style=\"background-color: var(--awb-color1);background-position: center top;background-repeat: no-repeat;border-width: 0px 0px 0px 0px;border-color:hsla(var(--awb-color3-h),calc( var(--awb-color3-s) + 2% ),var(--awb-color3-l),var(--awb-color3-a));border-style:solid;-webkit-background-size:cover;-moz-background-size:cover;-o-background-size:cover;background-size:cover;\" data-bg=\"https:\/\/cconceptt.com.tr\/wp-content\/uploads\/2015\/09\/home1_slide_one_bg.jpg\" ><div class=\"fusion-builder-row fusion-row fusion-flex-align-items-flex-start\" style=\"max-width:1216.8px;margin-left: calc(-4% \/ 2 );margin-right: calc(-4% \/ 2 );\"><div class=\"fusion-layout-column fusion_builder_column fusion-builder-column-0 fusion_builder_column_1_1 1_1 fusion-flex-column fusion-flex-align-self-flex-start fusion-column-no-min-height\"><div class=\"fusion-column-wrapper fusion-flex-justify-content-flex-start fusion-content-layout-column\" style=\"background-position:left top;background-repeat:no-repeat;-webkit-background-size:cover;-moz-background-size:cover;-o-background-size:cover;background-size:cover;padding: 0px 0px 0px 0px;\"><style type=\"text\/css\">@media only screen and (max-width:1024px) {.fusion-title.fusion-title-1{margin-top:10px!important; margin-right:!important;margin-bottom:12px!important;margin-left:!important;}}@media only screen and (max-width:640px) {.fusion-title.fusion-title-1{margin-top:10px!important; margin-right:!important;margin-bottom:20px!important; margin-left:!important;}}<\/style><div class=\"fusion-title title fusion-title-1 fusion-title-center fusion-title-text fusion-title-size-one\" style=\"font-size:52px;margin-top:10px;margin-bottom:12px;\"><div class=\"title-sep-container title-sep-container-left\"><div class=\"title-sep sep-\" style=\"border-color:var(--awb-color3);\"><\/div><\/div><span class=\"awb-title-spacer\"><\/span><h1 class=\"title-heading-center fusion-responsive-typography-calculated\" style=\"margin:0;font-size:1em;color:var(--awb-color1);--fontSize:52;line-height:1.23;\">Product Carousel<\/h1><span class=\"awb-title-spacer\"><\/span><div class=\"title-sep-container title-sep-container-right\"><div class=\"title-sep sep-\" style=\"border-color:var(--awb-color3);\"><\/div><\/div><\/div><div class=\"fusion-text fusion-text-1\" style=\"text-align:center;font-size:18px;line-height:30px;color:var(--awb-color1);\"><p>Sed finibus, neque nec vulputate vestibulum, eros nisl euismod ligula, non iaculis orci odio ac mauris.<br \/>Ut auctor, dui in dictum ultricies, eros elit condimentum quam, vel rutrum lorem nisl.<\/p>\n<\/div><\/div><style type=\"text\/css\">.fusion-body .fusion-builder-column-0{width:100% !important;margin-top : 0px;margin-bottom : 0px;}.fusion-builder-column-0 > .fusion-column-wrapper {padding-top : 0px !important;padding-right : 0px !important;margin-right : 1.92%;padding-bottom : 0px !important;padding-left : 0px !important;margin-left : 1.92%;}@media only screen and (max-width:1024px) {.fusion-body .fusion-builder-column-0{width:100% !important;}.fusion-builder-column-0 > .fusion-column-wrapper {margin-right : 1.92%;margin-left : 1.92%;}}@media only screen and (max-width:640px) {.fusion-body .fusion-builder-column-0{width:100% !important;}.fusion-builder-column-0 > .fusion-column-wrapper {margin-right : 1.92%;margin-left : 1.92%;}}<\/style><\/div><\/div><style type=\"text\/css\">.fusion-body .fusion-flex-container.fusion-builder-row-1{ padding-top : 100px;margin-top : 0px;padding-right : 0px;padding-bottom : 90px;margin-bottom : 0px;padding-left : 0px;}<\/style><\/div><div class=\"fusion-fullwidth fullwidth-box fusion-builder-row-2 fusion-flex-container nonhundred-percent-fullwidth non-hundred-percent-height-scrolling\" style=\"background-color: var(--awb-color1);background-position: left top;background-repeat: no-repeat;border-width: 0px 0px 0px 0px;border-color:hsla(var(--awb-color3-h),calc( var(--awb-color3-s) + 2% ),var(--awb-color3-l),var(--awb-color3-a));border-style:solid;\" ><div class=\"fusion-builder-row fusion-row fusion-flex-align-items-flex-start\" style=\"max-width:calc( 1170px + 0px );margin-left: calc(-0px \/ 2 );margin-right: calc(-0px \/ 2 );\"><div class=\"fusion-layout-column fusion_builder_column fusion-builder-column-1 fusion_builder_column_1_1 1_1 fusion-flex-column fusion-flex-align-self-flex-start fusion-column-no-min-height\"><div class=\"fusion-column-wrapper fusion-flex-justify-content-flex-start fusion-content-layout-column\" style=\"background-position:left top;background-repeat:no-repeat;-webkit-background-size:cover;-moz-background-size:cover;-o-background-size:cover;background-size:cover;padding: 0px 0px 0px 0px;\"><div class=\"fusion-woo-product-slider fusion-woo-slider\"><div class=\"fusion-carousel fusion-carousel-title-on-rollover\" data-autoplay=\"no\" data-columns=\"5\" data-itemmargin=\"13\" data-itemwidth=\"180\" data-touchscroll=\"no\" data-imagesize=\"auto\" data-scrollitems=\"1\"><div class=\"fusion-carousel-positioner\"><ul class=\"fusion-carousel-holder\"><li class=\"fusion-carousel-item\"><div class=\"fusion-classic-product-image-wrapper\"><div class=\"fusion-carousel-item-wrapper\"><div  class=\"fusion-image-wrapper\" aria-haspopup=\"true\">\n\t\t\t\t<div class=\"fusion-woo-badges-wrapper\">\n<\/div><img decoding=\"async\" width=\"600\" height=\"600\" src=\"https:\/\/cconceptt.com.tr\/wp-content\/uploads\/2022\/08\/asdasda-1.jpg\" class=\"attachment-full size-full lazyload wp-post-image\" alt=\"\" srcset=\"data:image\/svg+xml,%3Csvg%20xmlns%3D%27http%3A%2F%2Fwww.w3.org%2F2000%2Fsvg%27%20width%3D%27600%27%20height%3D%27600%27%20viewBox%3D%270%200%20600%20600%27%3E%3Crect%20width%3D%27600%27%20height%3D%27600%27%20fill-opacity%3D%220%22%2F%3E%3C%2Fsvg%3E\" data-orig-src=\"https:\/\/cconceptt.com.tr\/wp-content\/uploads\/2022\/08\/asdasda-1.jpg\" data-srcset=\"https:\/\/cconceptt.com.tr\/wp-content\/uploads\/2022\/08\/asdasda-1-200x200.jpg 200w, https:\/\/cconceptt.com.tr\/wp-content\/uploads\/2022\/08\/asdasda-1-400x400.jpg 400w, https:\/\/cconceptt.com.tr\/wp-content\/uploads\/2022\/08\/asdasda-1.jpg 600w\" data-sizes=\"auto\" \/><div class=\"fusion-rollover\">\n\t<div class=\"fusion-rollover-content\">\n\n\t\t\t\t\n\t\t\n\t\t\t\t\t\t\t\t\t\t\t\t<h4 class=\"fusion-rollover-title\">\n\t\t\t\t\t<a class=\"fusion-rollover-title-link\" href=\"https:\/\/cconceptt.com.tr\/index.php\/product\/aluminize-isi-yalitim-giysisi\/\">\n\t\t\t\t\t\tAl\u00fcminize Is\u0131 Yal\u0131t\u0131m Giysisi\t\t\t\t\t<\/a>\n\t\t\t\t<\/h4>\n\t\t\t\n\t\t\t\t\t\t\t\t\t\t<div class=\"fusion-rollover-categories\"><a href=\"https:\/\/cconceptt.com.tr\/index.php\/product-category\/giyilebilir-hijyenik-urunler\/\" rel=\"tag\">Giyilebilir Hijyenik \u00dcr\u00fcnler<\/a><\/div>\t\t\t\t\t\n\t\t\n\t\t\t\t\t\t\t\t\n\t\t\t\t\t\t\t\t\t\t\n\t\t\t\n\t\t\t\t\t\t\t\t\t\t<div class=\"fusion-product-buttons\">\n\t\t\t\t\t\n<a href=\"https:\/\/cconceptt.com.tr\/index.php\/product\/aluminize-isi-yalitim-giysisi\/\" class=\"show_details_button\" style=\"float:none;max-width:none;text-align:center;\">\n\tAyr\u0131nt\u0131lar<\/a>\n\n\t\t\t\t<\/div>\n\t\t\t\t\t\t\t\t\t<a class=\"fusion-link-wrapper\" href=\"https:\/\/cconceptt.com.tr\/index.php\/product\/aluminize-isi-yalitim-giysisi\/\" aria-label=\"Al\u00fcminize Is\u0131 Yal\u0131t\u0131m Giysisi\"><\/a>\n\t<\/div>\n<\/div>\n<\/div>\n<\/div><\/div><\/li><li class=\"fusion-carousel-item\"><div class=\"fusion-classic-product-image-wrapper\"><div class=\"fusion-carousel-item-wrapper\"><div  class=\"fusion-image-wrapper\" aria-haspopup=\"true\">\n\t\t\t\t<div class=\"fusion-woo-badges-wrapper\">\n<\/div><img decoding=\"async\" width=\"800\" height=\"800\" src=\"https:\/\/cconceptt.com.tr\/wp-content\/uploads\/2022\/08\/adsasd.jpg\" class=\"attachment-full size-full lazyload wp-post-image\" alt=\"\" srcset=\"data:image\/svg+xml,%3Csvg%20xmlns%3D%27http%3A%2F%2Fwww.w3.org%2F2000%2Fsvg%27%20width%3D%27800%27%20height%3D%27800%27%20viewBox%3D%270%200%20800%20800%27%3E%3Crect%20width%3D%27800%27%20height%3D%27800%27%20fill-opacity%3D%220%22%2F%3E%3C%2Fsvg%3E\" data-orig-src=\"https:\/\/cconceptt.com.tr\/wp-content\/uploads\/2022\/08\/adsasd.jpg\" data-srcset=\"https:\/\/cconceptt.com.tr\/wp-content\/uploads\/2022\/08\/adsasd-200x200.jpg 200w, https:\/\/cconceptt.com.tr\/wp-content\/uploads\/2022\/08\/adsasd-400x400.jpg 400w, https:\/\/cconceptt.com.tr\/wp-content\/uploads\/2022\/08\/adsasd-600x600.jpg 600w, https:\/\/cconceptt.com.tr\/wp-content\/uploads\/2022\/08\/adsasd.jpg 800w\" data-sizes=\"auto\" \/><div class=\"fusion-rollover\">\n\t<div class=\"fusion-rollover-content\">\n\n\t\t\t\t\n\t\t\n\t\t\t\t\t\t\t\t\t\t\t\t<h4 class=\"fusion-rollover-title\">\n\t\t\t\t\t<a class=\"fusion-rollover-title-link\" href=\"https:\/\/cconceptt.com.tr\/index.php\/product\/dokumasiz-tek-kullanimlik-ayakkabi-kilifi\/\">\n\t\t\t\t\t\tDokumas\u0131z Tek Kullan\u0131ml\u0131k Ayakkab\u0131 K\u0131l\u0131f\u0131\t\t\t\t\t<\/a>\n\t\t\t\t<\/h4>\n\t\t\t\n\t\t\t\t\t\t\t\t\t\t<div class=\"fusion-rollover-categories\"><a href=\"https:\/\/cconceptt.com.tr\/index.php\/product-category\/giyilebilir-hijyenik-urunler\/\" rel=\"tag\">Giyilebilir Hijyenik \u00dcr\u00fcnler<\/a><\/div>\t\t\t\t\t\n\t\t\n\t\t\t\t\t\t\t\t\n\t\t\t\t\t\t\t\t\t\t\n\t\t\t\n\t\t\t\t\t\t\t\t\t\t<div class=\"fusion-product-buttons\">\n\t\t\t\t\t\n<a href=\"https:\/\/cconceptt.com.tr\/index.php\/product\/dokumasiz-tek-kullanimlik-ayakkabi-kilifi\/\" class=\"show_details_button\" style=\"float:none;max-width:none;text-align:center;\">\n\tAyr\u0131nt\u0131lar<\/a>\n\n\t\t\t\t<\/div>\n\t\t\t\t\t\t\t\t\t<a class=\"fusion-link-wrapper\" href=\"https:\/\/cconceptt.com.tr\/index.php\/product\/dokumasiz-tek-kullanimlik-ayakkabi-kilifi\/\" aria-label=\"Dokumas\u0131z Tek Kullan\u0131ml\u0131k Ayakkab\u0131 K\u0131l\u0131f\u0131\"><\/a>\n\t<\/div>\n<\/div>\n<\/div>\n<\/div><\/div><\/li><li class=\"fusion-carousel-item\"><div class=\"fusion-classic-product-image-wrapper\"><div class=\"fusion-carousel-item-wrapper\"><div  class=\"fusion-image-wrapper\" aria-haspopup=\"true\">\n\t\t\t\t<div class=\"fusion-woo-badges-wrapper\">\n<\/div><img decoding=\"async\" width=\"800\" height=\"800\" src=\"https:\/\/cconceptt.com.tr\/wp-content\/uploads\/2022\/08\/adasd.jpg\" class=\"attachment-full size-full lazyload wp-post-image\" alt=\"\" srcset=\"data:image\/svg+xml,%3Csvg%20xmlns%3D%27http%3A%2F%2Fwww.w3.org%2F2000%2Fsvg%27%20width%3D%27800%27%20height%3D%27800%27%20viewBox%3D%270%200%20800%20800%27%3E%3Crect%20width%3D%27800%27%20height%3D%27800%27%20fill-opacity%3D%220%22%2F%3E%3C%2Fsvg%3E\" data-orig-src=\"https:\/\/cconceptt.com.tr\/wp-content\/uploads\/2022\/08\/adasd.jpg\" data-srcset=\"https:\/\/cconceptt.com.tr\/wp-content\/uploads\/2022\/08\/adasd-200x200.jpg 200w, https:\/\/cconceptt.com.tr\/wp-content\/uploads\/2022\/08\/adasd-400x400.jpg 400w, https:\/\/cconceptt.com.tr\/wp-content\/uploads\/2022\/08\/adasd-600x600.jpg 600w, https:\/\/cconceptt.com.tr\/wp-content\/uploads\/2022\/08\/adasd.jpg 800w\" data-sizes=\"auto\" \/><div class=\"fusion-rollover\">\n\t<div class=\"fusion-rollover-content\">\n\n\t\t\t\t\n\t\t\n\t\t\t\t\t\t\t\t\t\t\t\t<h4 class=\"fusion-rollover-title\">\n\t\t\t\t\t<a class=\"fusion-rollover-title-link\" href=\"https:\/\/cconceptt.com.tr\/index.php\/product\/kimyasal-koruyucu-ayakkabi-kilifikaymaz\/\">\n\t\t\t\t\t\tKimyasal Koruyucu Ayakkab\u0131 K\u0131l\u0131f\u0131(Kaymaz)\t\t\t\t\t<\/a>\n\t\t\t\t<\/h4>\n\t\t\t\n\t\t\t\t\t\t\t\t\t\t<div class=\"fusion-rollover-categories\"><a href=\"https:\/\/cconceptt.com.tr\/index.php\/product-category\/giyilebilir-hijyenik-urunler\/\" rel=\"tag\">Giyilebilir Hijyenik \u00dcr\u00fcnler<\/a><\/div>\t\t\t\t\t\n\t\t\n\t\t\t\t\t\t\t\t\n\t\t\t\t\t\t\t\t\t\t\n\t\t\t\n\t\t\t\t\t\t\t\t\t\t<div class=\"fusion-product-buttons\">\n\t\t\t\t\t\n<a href=\"https:\/\/cconceptt.com.tr\/index.php\/product\/kimyasal-koruyucu-ayakkabi-kilifikaymaz\/\" class=\"show_details_button\" style=\"float:none;max-width:none;text-align:center;\">\n\tAyr\u0131nt\u0131lar<\/a>\n\n\t\t\t\t<\/div>\n\t\t\t\t\t\t\t\t\t<a class=\"fusion-link-wrapper\" href=\"https:\/\/cconceptt.com.tr\/index.php\/product\/kimyasal-koruyucu-ayakkabi-kilifikaymaz\/\" aria-label=\"Kimyasal Koruyucu Ayakkab\u0131 K\u0131l\u0131f\u0131(Kaymaz)\"><\/a>\n\t<\/div>\n<\/div>\n<\/div>\n<\/div><\/div><\/li><li class=\"fusion-carousel-item\"><div class=\"fusion-classic-product-image-wrapper\"><div class=\"fusion-carousel-item-wrapper\"><div  class=\"fusion-image-wrapper\" aria-haspopup=\"true\">\n\t\t\t\t<div class=\"fusion-woo-badges-wrapper\">\n<\/div><img decoding=\"async\" width=\"800\" height=\"800\" src=\"https:\/\/cconceptt.com.tr\/wp-content\/uploads\/2022\/08\/f06f7b88f817de5e0bfe4490ccccfa75.jpg\" class=\"attachment-full size-full lazyload wp-post-image\" alt=\"\" srcset=\"data:image\/svg+xml,%3Csvg%20xmlns%3D%27http%3A%2F%2Fwww.w3.org%2F2000%2Fsvg%27%20width%3D%27800%27%20height%3D%27800%27%20viewBox%3D%270%200%20800%20800%27%3E%3Crect%20width%3D%27800%27%20height%3D%27800%27%20fill-opacity%3D%220%22%2F%3E%3C%2Fsvg%3E\" data-orig-src=\"https:\/\/cconceptt.com.tr\/wp-content\/uploads\/2022\/08\/f06f7b88f817de5e0bfe4490ccccfa75.jpg\" data-srcset=\"https:\/\/cconceptt.com.tr\/wp-content\/uploads\/2022\/08\/f06f7b88f817de5e0bfe4490ccccfa75-200x200.jpg 200w, https:\/\/cconceptt.com.tr\/wp-content\/uploads\/2022\/08\/f06f7b88f817de5e0bfe4490ccccfa75-400x400.jpg 400w, https:\/\/cconceptt.com.tr\/wp-content\/uploads\/2022\/08\/f06f7b88f817de5e0bfe4490ccccfa75-600x600.jpg 600w, https:\/\/cconceptt.com.tr\/wp-content\/uploads\/2022\/08\/f06f7b88f817de5e0bfe4490ccccfa75.jpg 800w\" data-sizes=\"auto\" \/><div class=\"fusion-rollover\">\n\t<div class=\"fusion-rollover-content\">\n\n\t\t\t\t\n\t\t\n\t\t\t\t\t\t\t\t\t\t\t\t<h4 class=\"fusion-rollover-title\">\n\t\t\t\t\t<a class=\"fusion-rollover-title-link\" href=\"https:\/\/cconceptt.com.tr\/index.php\/product\/tek-kullanimlik-koruyucu-giysi\/\">\n\t\t\t\t\t\tTek Kullan\u0131ml\u0131k Koruyucu Giysi\t\t\t\t\t<\/a>\n\t\t\t\t<\/h4>\n\t\t\t\n\t\t\t\t\t\t\t\t\t\t<div class=\"fusion-rollover-categories\"><a href=\"https:\/\/cconceptt.com.tr\/index.php\/product-category\/giyilebilir-hijyenik-urunler\/\" rel=\"tag\">Giyilebilir Hijyenik \u00dcr\u00fcnler<\/a><\/div>\t\t\t\t\t\n\t\t\n\t\t\t\t\t\t\t\t\n\t\t\t\t\t\t\t\t\t\t\n\t\t\t\n\t\t\t\t\t\t\t\t\t\t<div class=\"fusion-product-buttons\">\n\t\t\t\t\t\n<a href=\"https:\/\/cconceptt.com.tr\/index.php\/product\/tek-kullanimlik-koruyucu-giysi\/\" class=\"show_details_button\" style=\"float:none;max-width:none;text-align:center;\">\n\tAyr\u0131nt\u0131lar<\/a>\n\n\t\t\t\t<\/div>\n\t\t\t\t\t\t\t\t\t<a class=\"fusion-link-wrapper\" href=\"https:\/\/cconceptt.com.tr\/index.php\/product\/tek-kullanimlik-koruyucu-giysi\/\" aria-label=\"Tek Kullan\u0131ml\u0131k Koruyucu Giysi\"><\/a>\n\t<\/div>\n<\/div>\n<\/div>\n<\/div><\/div><\/li><li class=\"fusion-carousel-item\"><div class=\"fusion-classic-product-image-wrapper\"><div class=\"fusion-carousel-item-wrapper\"><div  class=\"fusion-image-wrapper\" aria-haspopup=\"true\">\n\t\t\t\t<div class=\"fusion-woo-badges-wrapper\">\n<\/div><img decoding=\"async\" width=\"800\" height=\"800\" src=\"https:\/\/cconceptt.com.tr\/wp-content\/uploads\/2022\/08\/1.jpg\" class=\"attachment-full size-full lazyload wp-post-image\" alt=\"\" srcset=\"data:image\/svg+xml,%3Csvg%20xmlns%3D%27http%3A%2F%2Fwww.w3.org%2F2000%2Fsvg%27%20width%3D%27800%27%20height%3D%27800%27%20viewBox%3D%270%200%20800%20800%27%3E%3Crect%20width%3D%27800%27%20height%3D%27800%27%20fill-opacity%3D%220%22%2F%3E%3C%2Fsvg%3E\" data-orig-src=\"https:\/\/cconceptt.com.tr\/wp-content\/uploads\/2022\/08\/1.jpg\" data-srcset=\"https:\/\/cconceptt.com.tr\/wp-content\/uploads\/2022\/08\/1-200x200.jpg 200w, https:\/\/cconceptt.com.tr\/wp-content\/uploads\/2022\/08\/1-400x400.jpg 400w, https:\/\/cconceptt.com.tr\/wp-content\/uploads\/2022\/08\/1-600x600.jpg 600w, https:\/\/cconceptt.com.tr\/wp-content\/uploads\/2022\/08\/1.jpg 800w\" data-sizes=\"auto\" \/><div class=\"fusion-rollover\">\n\t<div class=\"fusion-rollover-content\">\n\n\t\t\t\t\n\t\t\n\t\t\t\t\t\t\t\t\t\t\t\t<h4 class=\"fusion-rollover-title\">\n\t\t\t\t\t<a class=\"fusion-rollover-title-link\" href=\"https:\/\/cconceptt.com.tr\/index.php\/product\/orme-mansetli-mikro-gozenekli-izolasyon\/\">\n\t\t\t\t\t\t\u00d6rme Man\u015fetli Mikro G\u00f6zenekli \u0130zolasyon\t\t\t\t\t<\/a>\n\t\t\t\t<\/h4>\n\t\t\t\n\t\t\t\t\t\t\t\t\t\t<div class=\"fusion-rollover-categories\"><a href=\"https:\/\/cconceptt.com.tr\/index.php\/product-category\/giyilebilir-hijyenik-urunler\/\" rel=\"tag\">Giyilebilir Hijyenik \u00dcr\u00fcnler<\/a><\/div>\t\t\t\t\t\n\t\t\n\t\t\t\t\t\t\t\t\n\t\t\t\t\t\t\t\t\t\t\n\t\t\t\n\t\t\t\t\t\t\t\t\t\t<div class=\"fusion-product-buttons\">\n\t\t\t\t\t\n<a href=\"https:\/\/cconceptt.com.tr\/index.php\/product\/orme-mansetli-mikro-gozenekli-izolasyon\/\" class=\"show_details_button\" style=\"float:none;max-width:none;text-align:center;\">\n\tAyr\u0131nt\u0131lar<\/a>\n\n\t\t\t\t<\/div>\n\t\t\t\t\t\t\t\t\t<a class=\"fusion-link-wrapper\" href=\"https:\/\/cconceptt.com.tr\/index.php\/product\/orme-mansetli-mikro-gozenekli-izolasyon\/\" aria-label=\"\u00d6rme Man\u015fetli Mikro G\u00f6zenekli \u0130zolasyon\"><\/a>\n\t<\/div>\n<\/div>\n<\/div>\n<\/div><\/div><\/li><li class=\"fusion-carousel-item\"><div class=\"fusion-classic-product-image-wrapper\"><div class=\"fusion-carousel-item-wrapper\"><div  class=\"fusion-image-wrapper\" aria-haspopup=\"true\">\n\t\t\t\t<div class=\"fusion-woo-badges-wrapper\">\n<\/div><img decoding=\"async\" width=\"800\" height=\"800\" src=\"https:\/\/cconceptt.com.tr\/wp-content\/uploads\/2022\/08\/asdasdasda.jpg\" class=\"attachment-full size-full lazyload wp-post-image\" alt=\"\" srcset=\"data:image\/svg+xml,%3Csvg%20xmlns%3D%27http%3A%2F%2Fwww.w3.org%2F2000%2Fsvg%27%20width%3D%27800%27%20height%3D%27800%27%20viewBox%3D%270%200%20800%20800%27%3E%3Crect%20width%3D%27800%27%20height%3D%27800%27%20fill-opacity%3D%220%22%2F%3E%3C%2Fsvg%3E\" data-orig-src=\"https:\/\/cconceptt.com.tr\/wp-content\/uploads\/2022\/08\/asdasdasda.jpg\" data-srcset=\"https:\/\/cconceptt.com.tr\/wp-content\/uploads\/2022\/08\/asdasdasda-200x200.jpg 200w, https:\/\/cconceptt.com.tr\/wp-content\/uploads\/2022\/08\/asdasdasda-400x400.jpg 400w, https:\/\/cconceptt.com.tr\/wp-content\/uploads\/2022\/08\/asdasdasda-600x600.jpg 600w, https:\/\/cconceptt.com.tr\/wp-content\/uploads\/2022\/08\/asdasdasda.jpg 800w\" data-sizes=\"auto\" \/><div class=\"fusion-rollover\">\n\t<div class=\"fusion-rollover-content\">\n\n\t\t\t\t\n\t\t\n\t\t\t\t\t\t\t\t\t\t\t\t<h4 class=\"fusion-rollover-title\">\n\t\t\t\t\t<a class=\"fusion-rollover-title-link\" href=\"https:\/\/cconceptt.com.tr\/index.php\/product\/dokumasiz-izolasyon-onlugu\/\">\n\t\t\t\t\t\tDokumas\u0131z \u0130zolasyon \u00d6nl\u00fc\u011f\u00fc\t\t\t\t\t<\/a>\n\t\t\t\t<\/h4>\n\t\t\t\n\t\t\t\t\t\t\t\t\t\t<div class=\"fusion-rollover-categories\"><a href=\"https:\/\/cconceptt.com.tr\/index.php\/product-category\/giyilebilir-hijyenik-urunler\/\" rel=\"tag\">Giyilebilir Hijyenik \u00dcr\u00fcnler<\/a><\/div>\t\t\t\t\t\n\t\t\n\t\t\t\t\t\t\t\t\n\t\t\t\t\t\t\t\t\t\t\n\t\t\t\n\t\t\t\t\t\t\t\t\t\t<div class=\"fusion-product-buttons\">\n\t\t\t\t\t\n<a href=\"https:\/\/cconceptt.com.tr\/index.php\/product\/dokumasiz-izolasyon-onlugu\/\" class=\"show_details_button\" style=\"float:none;max-width:none;text-align:center;\">\n\tAyr\u0131nt\u0131lar<\/a>\n\n\t\t\t\t<\/div>\n\t\t\t\t\t\t\t\t\t<a class=\"fusion-link-wrapper\" href=\"https:\/\/cconceptt.com.tr\/index.php\/product\/dokumasiz-izolasyon-onlugu\/\" aria-label=\"Dokumas\u0131z \u0130zolasyon \u00d6nl\u00fc\u011f\u00fc\"><\/a>\n\t<\/div>\n<\/div>\n<\/div>\n<\/div><\/div><\/li><\/ul><div class=\"fusion-carousel-nav\"><button class=\"fusion-nav-prev\" aria-label=\"\u00d6nceki\"><\/button><button class=\"fusion-nav-next\" aria-label=\"Sonraki\"><\/button><\/div><\/div><\/div><\/div><\/div><style type=\"text\/css\">.fusion-body .fusion-builder-column-1{width:100% !important;margin-top : 0px;margin-bottom : 0px;}.fusion-builder-column-1 > .fusion-column-wrapper {padding-top : 0px !important;padding-right : 0px !important;margin-right : 0px;padding-bottom : 0px !important;padding-left : 0px !important;margin-left : 0px;}@media only screen and (max-width:1024px) {.fusion-body .fusion-builder-column-1{width:100% !important;}.fusion-builder-column-1 > .fusion-column-wrapper {margin-right : 0px;margin-left : 0px;}}@media only screen and (max-width:640px) {.fusion-body .fusion-builder-column-1{width:100% !important;}.fusion-builder-column-1 > .fusion-column-wrapper {margin-right : 0px;margin-left : 0px;}}<\/style><\/div><\/div><style type=\"text\/css\">.fusion-body .fusion-flex-container.fusion-builder-row-2{ padding-top : 80px;margin-top : 0px;padding-right : 0px;padding-bottom : 80px;margin-bottom : 0px;padding-left : 0px;}<\/style><\/div><\/p>\n","protected":false},"excerpt":{"rendered":"","protected":false},"author":1,"featured_media":0,"parent":0,"menu_order":0,"comment_status":"closed","ping_status":"closed","template":"100-width.php","meta":{"om_disable_all_campaigns":false,"_monsterinsights_skip_tracking":false,"_monsterinsights_sitenote_active":false,"_monsterinsights_sitenote_note":"","_monsterinsights_sitenote_category":0,"footnotes":""},"class_list":["post-16883","page","type-page","status-publish","hentry"],"acf":[],"aioseo_notices":[],"_links":{"self":[{"href":"https:\/\/cconceptt.com.tr\/index.php\/wp-json\/wp\/v2\/pages\/16883","targetHints":{"allow":["GET"]}}],"collection":[{"href":"https:\/\/cconceptt.com.tr\/index.php\/wp-json\/wp\/v2\/pages"}],"about":[{"href":"https:\/\/cconceptt.com.tr\/index.php\/wp-json\/wp\/v2\/types\/page"}],"author":[{"embeddable":true,"href":"https:\/\/cconceptt.com.tr\/index.php\/wp-json\/wp\/v2\/users\/1"}],"replies":[{"embeddable":true,"href":"https:\/\/cconceptt.com.tr\/index.php\/wp-json\/wp\/v2\/comments?post=16883"}],"version-history":[{"count":1,"href":"https:\/\/cconceptt.com.tr\/index.php\/wp-json\/wp\/v2\/pages\/16883\/revisions"}],"predecessor-version":[{"id":20307,"href":"https:\/\/cconceptt.com.tr\/index.php\/wp-json\/wp\/v2\/pages\/16883\/revisions\/20307"}],"wp:attachment":[{"href":"https:\/\/cconceptt.com.tr\/index.php\/wp-json\/wp\/v2\/media?parent=16883"}],"curies":[{"name":"wp","href":"https:\/\/api.w.org\/{rel}","templated":true}]}}