{"id":16886,"date":"2015-09-30T03:48:01","date_gmt":"2015-09-30T03:48:01","guid":{"rendered":"https:\/\/cconceptt.com.tr\/?page_id=16886"},"modified":"2015-09-30T03:48:01","modified_gmt":"2015-09-30T03:48:01","slug":"product-categories","status":"publish","type":"page","link":"https:\/\/cconceptt.com.tr\/index.php\/product-categories\/","title":{"rendered":"Product Categories"},"content":{"rendered":"<p><div class=\"fusion-fullwidth fullwidth-box fusion-builder-row-1 fusion-flex-container fusion-parallax-none nonhundred-percent-fullwidth non-hundred-percent-height-scrolling lazyload\" style=\"background-color: var(--awb-color1);background-position: center top;background-repeat: no-repeat;border-width: 0px 0px 0px 0px;border-color:hsla(var(--awb-color3-h),calc( var(--awb-color3-s) + 2% ),var(--awb-color3-l),var(--awb-color3-a));border-style:solid;-webkit-background-size:cover;-moz-background-size:cover;-o-background-size:cover;background-size:cover;\" data-bg=\"https:\/\/cconceptt.com.tr\/wp-content\/uploads\/2015\/09\/home1_slide_one_bg.jpg\" ><div class=\"fusion-builder-row fusion-row fusion-flex-align-items-flex-start\" style=\"max-width:1216.8px;margin-left: calc(-4% \/ 2 );margin-right: calc(-4% \/ 2 );\"><div class=\"fusion-layout-column fusion_builder_column fusion-builder-column-0 fusion_builder_column_1_1 1_1 fusion-flex-column fusion-flex-align-self-flex-start fusion-column-no-min-height\"><div class=\"fusion-column-wrapper fusion-flex-justify-content-flex-start fusion-content-layout-column\" style=\"background-position:left top;background-repeat:no-repeat;-webkit-background-size:cover;-moz-background-size:cover;-o-background-size:cover;background-size:cover;padding: 0px 0px 0px 0px;\"><style type=\"text\/css\">@media only screen and (max-width:1024px) {.fusion-title.fusion-title-1{margin-top:10px!important; margin-right:!important;margin-bottom:12px!important;margin-left:!important;}}@media only screen and (max-width:640px) {.fusion-title.fusion-title-1{margin-top:10px!important; margin-right:!important;margin-bottom:20px!important; margin-left:!important;}}<\/style><div class=\"fusion-title title fusion-title-1 fusion-title-center fusion-title-text fusion-title-size-one\" style=\"font-size:52px;margin-top:10px;margin-bottom:12px;\"><div class=\"title-sep-container title-sep-container-left\"><div class=\"title-sep sep-\" style=\"border-color:var(--awb-color3);\"><\/div><\/div><span class=\"awb-title-spacer\"><\/span><h1 class=\"title-heading-center fusion-responsive-typography-calculated\" style=\"margin:0;font-size:1em;color:var(--awb-color1);--fontSize:52;line-height:1.23;\">Product Categories<\/h1><span class=\"awb-title-spacer\"><\/span><div class=\"title-sep-container title-sep-container-right\"><div class=\"title-sep sep-\" style=\"border-color:var(--awb-color3);\"><\/div><\/div><\/div><div class=\"fusion-text fusion-text-1\" style=\"text-align:center;font-size:18px;line-height:30px;color:var(--awb-color1);\"><p>Sed finibus, neque nec vulputate vestibulum, eros nisl euismod ligula, non iaculis orci odio ac mauris.<br \/>Ut auctor, dui in dictum ultricies, eros elit condimentum quam, vel rutrum lorem nisl.<\/p>\n<\/div><\/div><style type=\"text\/css\">.fusion-body .fusion-builder-column-0{width:100% !important;margin-top : 0px;margin-bottom : 0px;}.fusion-builder-column-0 > .fusion-column-wrapper {padding-top : 0px !important;padding-right : 0px !important;margin-right : 1.92%;padding-bottom : 0px !important;padding-left : 0px !important;margin-left : 1.92%;}@media only screen and (max-width:1024px) {.fusion-body .fusion-builder-column-0{width:100% !important;}.fusion-builder-column-0 > .fusion-column-wrapper {margin-right : 1.92%;margin-left : 1.92%;}}@media only screen and (max-width:640px) {.fusion-body .fusion-builder-column-0{width:100% !important;}.fusion-builder-column-0 > .fusion-column-wrapper {margin-right : 1.92%;margin-left : 1.92%;}}<\/style><\/div><\/div><style type=\"text\/css\">.fusion-body .fusion-flex-container.fusion-builder-row-1{ padding-top : 100px;margin-top : 0px;padding-right : 0px;padding-bottom : 90px;margin-bottom : 0px;padding-left : 0px;}<\/style><\/div><div class=\"fusion-fullwidth fullwidth-box fusion-builder-row-2 fusion-flex-container nonhundred-percent-fullwidth non-hundred-percent-height-scrolling\" style=\"background-color: var(--awb-color1);background-position: left top;background-repeat: no-repeat;border-width: 0px 0px 0px 0px;border-color:hsla(var(--awb-color3-h),calc( var(--awb-color3-s) + 2% ),var(--awb-color3-l),var(--awb-color3-a));border-style:solid;\" ><div class=\"fusion-builder-row fusion-row fusion-flex-align-items-flex-start\" style=\"max-width:calc( 1170px + 0px );margin-left: calc(-0px \/ 2 );margin-right: calc(-0px \/ 2 );\"><div class=\"fusion-layout-column fusion_builder_column fusion-builder-column-1 fusion_builder_column_1_1 1_1 fusion-flex-column fusion-flex-align-self-flex-start fusion-column-no-min-height\"><div class=\"fusion-column-wrapper fusion-flex-justify-content-flex-start fusion-content-layout-column\" style=\"background-position:left top;background-repeat:no-repeat;-webkit-background-size:cover;-moz-background-size:cover;-o-background-size:cover;background-size:cover;padding: 0px 0px 0px 0px;\"><div class=\"fusion-text fusion-text-2\"><div class=\"woocommerce columns-4\"><ul class=\"products clearfix products-4\">\n<li class=\"product-category product first product-grid-view\">\n\t<div class=\"fusion-product-wrapper\">\n<a aria-label=\"Bebek Bezi &amp; Kozmetik \u00fcr\u00fcn kategorisini ziyaret et\" href=\"https:\/\/cconceptt.com.tr\/index.php\/product-category\/bebek-bezi-kozmetik\/\">\t\t<h2 class=\"woocommerce-loop-category__title\">\n\t\t\tBebek Bezi &amp; Kozmetik <mark class=\"count\">(21)<\/mark>\t\t<\/h2>\n\t\t<\/a><\/div>\n<\/li>\n<li class=\"product-category product product-grid-view\">\n\t<div class=\"fusion-product-wrapper\">\n<a aria-label=\"End\u00fcstriyel Ka\u011f\u0131t \u00dcr\u00fcnleri \u00fcr\u00fcn kategorisini ziyaret et\" href=\"https:\/\/cconceptt.com.tr\/index.php\/product-category\/endustriyel-kagit-urunleri\/\">\t\t<h2 class=\"woocommerce-loop-category__title\">\n\t\t\tEnd\u00fcstriyel Ka\u011f\u0131t \u00dcr\u00fcnleri <mark class=\"count\">(44)<\/mark>\t\t<\/h2>\n\t\t<\/a><\/div>\n<\/li>\n<li class=\"product-category product product-grid-view\">\n\t<div class=\"fusion-product-wrapper\">\n<a aria-label=\"Giyilebilir Hijyenik \u00dcr\u00fcnler \u00fcr\u00fcn kategorisini ziyaret et\" href=\"https:\/\/cconceptt.com.tr\/index.php\/product-category\/giyilebilir-hijyenik-urunler\/\">\t\t<h2 class=\"woocommerce-loop-category__title\">\n\t\t\tGiyilebilir Hijyenik \u00dcr\u00fcnler <mark class=\"count\">(9)<\/mark>\t\t<\/h2>\n\t\t<\/a><\/div>\n<\/li>\n<li class=\"product-category product last product-grid-view\">\n\t<div class=\"fusion-product-wrapper\">\n<a aria-label=\"Kimya \u00dcr\u00fcnleri \u00fcr\u00fcn kategorisini ziyaret et\" href=\"https:\/\/cconceptt.com.tr\/index.php\/product-category\/kimya-urunleri\/\">\t\t<h2 class=\"woocommerce-loop-category__title\">\n\t\t\tKimya \u00dcr\u00fcnleri <mark class=\"count\">(29)<\/mark>\t\t<\/h2>\n\t\t<\/a><\/div>\n<\/li>\n<li class=\"product-category product first product-grid-view\">\n\t<div class=\"fusion-product-wrapper\">\n<a aria-label=\"Ki\u015fisel Hijyen \u00dcr\u00fcnleri \u00fcr\u00fcn kategorisini ziyaret et\" href=\"https:\/\/cconceptt.com.tr\/index.php\/product-category\/kisisel-hijyen-urunleri\/\">\t\t<h2 class=\"woocommerce-loop-category__title\">\n\t\t\tKi\u015fisel Hijyen \u00dcr\u00fcnleri <mark class=\"count\">(23)<\/mark>\t\t<\/h2>\n\t\t<\/a><\/div>\n<\/li>\n<li class=\"product-category product product-grid-view\">\n\t<div class=\"fusion-product-wrapper\">\n<a aria-label=\"Mutfak Hijyen \u00dcr\u00fcnleri \u00fcr\u00fcn kategorisini ziyaret et\" href=\"https:\/\/cconceptt.com.tr\/index.php\/product-category\/mutfak-hijyen-urunleri\/\">\t\t<h2 class=\"woocommerce-loop-category__title\">\n\t\t\tMutfak Hijyen \u00dcr\u00fcnleri <mark class=\"count\">(24)<\/mark>\t\t<\/h2>\n\t\t<\/a><\/div>\n<\/li>\n<li class=\"product-category product product-grid-view\">\n\t<div class=\"fusion-product-wrapper\">\n<a aria-label=\"Otel &amp; Ev Tekstil \u00dcr\u00fcnleri \u00fcr\u00fcn kategorisini ziyaret et\" href=\"https:\/\/cconceptt.com.tr\/index.php\/product-category\/otel-ev-tekstil-urunleri\/\">\t\t<h2 class=\"woocommerce-loop-category__title\">\n\t\t\tOtel &amp; Ev Tekstil \u00dcr\u00fcnleri <mark class=\"count\">(47)<\/mark>\t\t<\/h2>\n\t\t<\/a><\/div>\n<\/li>\n<li class=\"product-category product last product-grid-view\">\n\t<div class=\"fusion-product-wrapper\">\n<a aria-label=\"Plastik &amp; Ka\u011f\u0131t \u00dcr\u00fcnler \u00fcr\u00fcn kategorisini ziyaret et\" href=\"https:\/\/cconceptt.com.tr\/index.php\/product-category\/plastik-kagit-urunler\/\">\t\t<h2 class=\"woocommerce-loop-category__title\">\n\t\t\tPlastik &amp; Ka\u011f\u0131t \u00dcr\u00fcnler <mark class=\"count\">(41)<\/mark>\t\t<\/h2>\n\t\t<\/a><\/div>\n<\/li>\n<li class=\"product-category product first product-grid-view\">\n\t<div class=\"fusion-product-wrapper\">\n<a aria-label=\"Uncategorized \u00fcr\u00fcn kategorisini ziyaret et\" href=\"https:\/\/cconceptt.com.tr\/index.php\/product-category\/uncategorized\/\"><img class=\"lazyload\" decoding=\"async\" src=\"data:image\/gif;base64,R0lGODlhAQABAAAAACH5BAEKAAEALAAAAAABAAEAAAICTAEAOw==\" data-orig-src=\"https:\/\/cconceptt.com.tr\/wp-content\/uploads\/woocommerce-placeholder-500x500.png\" alt=\"Uncategorized\" width=\"500\" height=\"\" \/>\t\t<h2 class=\"woocommerce-loop-category__title\">\n\t\t\tUncategorized <mark class=\"count\">(1)<\/mark>\t\t<\/h2>\n\t\t<\/a><\/div>\n<\/li>\n<li class=\"product-category product product-grid-view\">\n\t<div class=\"fusion-product-wrapper\">\n<a aria-label=\"Zemin &amp; Bina Bak\u0131m \u00dcr\u00fcnleri \u00fcr\u00fcn kategorisini ziyaret et\" href=\"https:\/\/cconceptt.com.tr\/index.php\/product-category\/zemin-bina-bakim-urunleri\/\">\t\t<h2 class=\"woocommerce-loop-category__title\">\n\t\t\tZemin &amp; Bina Bak\u0131m \u00dcr\u00fcnleri <mark class=\"count\">(62)<\/mark>\t\t<\/h2>\n\t\t<\/a><\/div>\n<\/li>\n<\/ul>\n<\/div>\n<\/div><\/div><style type=\"text\/css\">.fusion-body .fusion-builder-column-1{width:100% !important;margin-top : 0px;margin-bottom : 0px;}.fusion-builder-column-1 > .fusion-column-wrapper {padding-top : 0px !important;padding-right : 0px !important;margin-right : 0px;padding-bottom : 0px !important;padding-left : 0px !important;margin-left : 0px;}@media only screen and (max-width:1024px) {.fusion-body .fusion-builder-column-1{width:100% !important;}.fusion-builder-column-1 > .fusion-column-wrapper {margin-right : 0px;margin-left : 0px;}}@media only screen and (max-width:640px) {.fusion-body .fusion-builder-column-1{width:100% !important;}.fusion-builder-column-1 > .fusion-column-wrapper {margin-right : 0px;margin-left : 0px;}}<\/style><\/div><\/div><style type=\"text\/css\">.fusion-body .fusion-flex-container.fusion-builder-row-2{ padding-top : 80px;margin-top : 0px;padding-right : 0px;padding-bottom : 80px;margin-bottom : 0px;padding-left : 0px;}<\/style><\/div><\/p>\n","protected":false},"excerpt":{"rendered":"","protected":false},"author":1,"featured_media":0,"parent":0,"menu_order":0,"comment_status":"closed","ping_status":"closed","template":"100-width.php","meta":{"om_disable_all_campaigns":false,"_monsterinsights_skip_tracking":false,"_monsterinsights_sitenote_active":false,"_monsterinsights_sitenote_note":"","_monsterinsights_sitenote_category":0,"footnotes":""},"class_list":["post-16886","page","type-page","status-publish","hentry"],"acf":[],"aioseo_notices":[],"_links":{"self":[{"href":"https:\/\/cconceptt.com.tr\/index.php\/wp-json\/wp\/v2\/pages\/16886","targetHints":{"allow":["GET"]}}],"collection":[{"href":"https:\/\/cconceptt.com.tr\/index.php\/wp-json\/wp\/v2\/pages"}],"about":[{"href":"https:\/\/cconceptt.com.tr\/index.php\/wp-json\/wp\/v2\/types\/page"}],"author":[{"embeddable":true,"href":"https:\/\/cconceptt.com.tr\/index.php\/wp-json\/wp\/v2\/users\/1"}],"replies":[{"embeddable":true,"href":"https:\/\/cconceptt.com.tr\/index.php\/wp-json\/wp\/v2\/comments?post=16886"}],"version-history":[{"count":1,"href":"https:\/\/cconceptt.com.tr\/index.php\/wp-json\/wp\/v2\/pages\/16886\/revisions"}],"predecessor-version":[{"id":20308,"href":"https:\/\/cconceptt.com.tr\/index.php\/wp-json\/wp\/v2\/pages\/16886\/revisions\/20308"}],"wp:attachment":[{"href":"https:\/\/cconceptt.com.tr\/index.php\/wp-json\/wp\/v2\/media?parent=16886"}],"curies":[{"name":"wp","href":"https:\/\/api.w.org\/{rel}","templated":true}]}}