{"id":20234,"date":"2022-06-30T10:56:58","date_gmt":"2022-06-30T07:56:58","guid":{"rendered":"https:\/\/cconceptt.com.tr\/index.php\/fa-catalog-2\/"},"modified":"2022-07-07T12:31:46","modified_gmt":"2022-07-07T09:31:46","slug":"tr-catalog","status":"publish","type":"page","link":"https:\/\/cconceptt.com.tr\/index.php\/tr-catalog\/","title":{"rendered":"Catalog(TR)"},"content":{"rendered":"<div class=\"fusion-fullwidth fullwidth-box fusion-builder-row-1 fusion-flex-container nonhundred-percent-fullwidth non-hundred-percent-height-scrolling\" style=\"background-color: var(--awb-color1);background-position: center center;background-repeat: no-repeat;border-width: 0px 0px 0px 0px;border-color:hsla(var(--awb-color3-h),calc( var(--awb-color3-s) + 2% ),var(--awb-color3-l),var(--awb-color3-a));border-style:solid;\" ><div class=\"fusion-builder-row fusion-row fusion-flex-align-items-flex-start\" style=\"max-width:1216.8px;margin-left: calc(-4% \/ 2 );margin-right: calc(-4% \/ 2 );\"><div class=\"fusion-layout-column fusion_builder_column fusion-builder-column-0 fusion_builder_column_1_1 1_1 fusion-flex-column\"><div class=\"fusion-column-wrapper fusion-flex-justify-content-flex-start fusion-content-layout-column\" style=\"background-position:left top;background-repeat:no-repeat;-webkit-background-size:cover;-moz-background-size:cover;-o-background-size:cover;background-size:cover;padding: 0px 0px 0px 0px;\"><div class=\"dflip-books\"><div class=\"_df_thumb \" id=\"df_20492\"  _slug=\"baby-adult-diapersen-2\" data-title=\"bebek-yetiskin-bezleritr\" wpoptions=\"true\" thumbtype=\"\" >BEBEK &#038; YET\u0130\u015eK\u0130N BEZLER\u0130(TR)<\/div><script class=\"df-shortcode-script\" nowprocket type=\"application\/javascript\">window.option_df_20492 = {\"outline\":[],\"autoEnableOutline\":\"false\",\"autoEnableThumbnail\":\"false\",\"overwritePDFOutline\":\"false\",\"direction\":\"1\",\"pageSize\":\"0\",\"source\":\"https:\\\/\\\/cconceptt.com.tr\\\/wp-content\\\/uploads\\\/2022\\\/07\\\/BABY_ADULT-DIAPERS-TR.pdf\",\"wpOptions\":\"true\"}; if(window.DFLIP && window.DFLIP.parseBooks){window.DFLIP.parseBooks();}<\/script><div class=\"_df_thumb \" id=\"df_20511\"  _slug=\"baby-adult-diapersen-3\" data-title=\"kimya-urunleritr\" wpoptions=\"true\" thumbtype=\"\" >K\u0130MYA \u00dcR\u00dcNLER\u0130(TR)<\/div><script class=\"df-shortcode-script\" nowprocket type=\"application\/javascript\">window.option_df_20511 = {\"outline\":[],\"autoEnableOutline\":\"false\",\"autoEnableThumbnail\":\"false\",\"overwritePDFOutline\":\"false\",\"direction\":\"1\",\"pageSize\":\"0\",\"source\":\"https:\\\/\\\/cconceptt.com.tr\\\/wp-content\\\/uploads\\\/2022\\\/07\\\/CHEMISTRY-PRODUCTS-TR.pdf\",\"wpOptions\":\"true\"}; if(window.DFLIP && window.DFLIP.parseBooks){window.DFLIP.parseBooks();}<\/script><div class=\"_df_thumb \" id=\"df_20524\"  _slug=\"baby-adult-diapersen-4\" data-title=\"tek-kullanimlik-tabaklartr\" wpoptions=\"true\" thumbtype=\"\" >TEK KULLANIMLIK TABAKLAR(TR)<\/div><script class=\"df-shortcode-script\" nowprocket type=\"application\/javascript\">window.option_df_20524 = {\"outline\":[],\"autoEnableOutline\":\"false\",\"autoEnableThumbnail\":\"false\",\"overwritePDFOutline\":\"false\",\"direction\":\"1\",\"pageSize\":\"0\",\"source\":\"https:\\\/\\\/cconceptt.com.tr\\\/wp-content\\\/uploads\\\/2022\\\/07\\\/DISPOSABLE-PLATES-TR.pdf\",\"wpOptions\":\"true\"}; if(window.DFLIP && window.DFLIP.parseBooks){window.DFLIP.parseBooks();}<\/script><div class=\"_df_thumb \" id=\"df_20537\"  _slug=\"baby-adult-diapersen-4-2\" data-title=\"tek-kullanimlik-giyimtr\" wpoptions=\"true\" thumbtype=\"\" >TEK KULLANIMLIK G\u0130Y\u0130M(TR)<\/div><script class=\"df-shortcode-script\" nowprocket type=\"application\/javascript\">window.option_df_20537 = {\"outline\":[],\"autoEnableOutline\":\"false\",\"autoEnableThumbnail\":\"false\",\"overwritePDFOutline\":\"false\",\"direction\":\"1\",\"pageSize\":\"0\",\"source\":\"https:\\\/\\\/cconceptt.com.tr\\\/wp-content\\\/uploads\\\/2022\\\/07\\\/DISPOSABLE-WEAR-TR.pdf\",\"wpOptions\":\"true\"}; if(window.DFLIP && window.DFLIP.parseBooks){window.DFLIP.parseBooks();}<\/script><div class=\"_df_thumb \" id=\"df_20551\"  _slug=\"baby-adult-diapersen-4-2-2\" data-title=\"diger-urunlertr\" wpoptions=\"true\" thumbtype=\"\" >D\u0130\u011eER \u00dcR\u00dcNLER(TR)<\/div><script class=\"df-shortcode-script\" nowprocket type=\"application\/javascript\">window.option_df_20551 = {\"outline\":[],\"autoEnableOutline\":\"false\",\"autoEnableThumbnail\":\"false\",\"overwritePDFOutline\":\"false\",\"direction\":\"1\",\"pageSize\":\"0\",\"source\":\"https:\\\/\\\/cconceptt.com.tr\\\/wp-content\\\/uploads\\\/2022\\\/07\\\/OTHER-PRODUCTS-TR.pdf\",\"wpOptions\":\"true\"}; if(window.DFLIP && window.DFLIP.parseBooks){window.DFLIP.parseBooks();}<\/script><div class=\"_df_thumb \" id=\"df_20571\"  _slug=\"baby-adult-diapersen-4-2-2-2\" data-title=\"kagit-urunleritr\" wpoptions=\"true\" thumbtype=\"\" >KA\u011eIT \u00dcR\u00dcNLER\u0130(TR)<\/div><script class=\"df-shortcode-script\" nowprocket type=\"application\/javascript\">window.option_df_20571 = {\"outline\":[],\"autoEnableOutline\":\"false\",\"autoEnableThumbnail\":\"false\",\"overwritePDFOutline\":\"false\",\"direction\":\"1\",\"pageSize\":\"0\",\"source\":\"https:\\\/\\\/cconceptt.com.tr\\\/wp-content\\\/uploads\\\/2022\\\/07\\\/PAPER-KATALOG-TR-EN.pdf\",\"wpOptions\":\"true\"}; if(window.DFLIP && window.DFLIP.parseBooks){window.DFLIP.parseBooks();}<\/script><\/div><\/div><style type=\"text\/css\">.fusion-body .fusion-builder-column-0{width:100% !important;margin-top : 0px;margin-bottom : 0px;}.fusion-builder-column-0 > .fusion-column-wrapper {padding-top : 0px !important;padding-right : 0px !important;margin-right : 1.92%;padding-bottom : 0px !important;padding-left : 0px !important;margin-left : 1.92%;}@media only screen and (max-width:1024px) {.fusion-body .fusion-builder-column-0{width:100% !important;}.fusion-builder-column-0 > .fusion-column-wrapper {margin-right : 1.92%;margin-left : 1.92%;}}@media only screen and (max-width:640px) {.fusion-body .fusion-builder-column-0{width:100% !important;}.fusion-builder-column-0 > .fusion-column-wrapper {margin-right : 1.92%;margin-left : 1.92%;}}<\/style><\/div><\/div><style type=\"text\/css\">.fusion-body .fusion-flex-container.fusion-builder-row-1{ padding-top : 0px;margin-top : 0px;padding-right : 0px;padding-bottom : 0px;margin-bottom : 0px;padding-left : 0px;}<\/style><\/div>\n","protected":false},"excerpt":{"rendered":"","protected":false},"author":1,"featured_media":0,"parent":0,"menu_order":0,"comment_status":"closed","ping_status":"open","template":"","meta":{"om_disable_all_campaigns":false,"_monsterinsights_skip_tracking":false,"_monsterinsights_sitenote_active":false,"_monsterinsights_sitenote_note":"","_monsterinsights_sitenote_category":0,"footnotes":""},"class_list":["post-20234","page","type-page","status-publish","hentry"],"acf":[],"aioseo_notices":[],"_links":{"self":[{"href":"https:\/\/cconceptt.com.tr\/index.php\/wp-json\/wp\/v2\/pages\/20234","targetHints":{"allow":["GET"]}}],"collection":[{"href":"https:\/\/cconceptt.com.tr\/index.php\/wp-json\/wp\/v2\/pages"}],"about":[{"href":"https:\/\/cconceptt.com.tr\/index.php\/wp-json\/wp\/v2\/types\/page"}],"author":[{"embeddable":true,"href":"https:\/\/cconceptt.com.tr\/index.php\/wp-json\/wp\/v2\/users\/1"}],"replies":[{"embeddable":true,"href":"https:\/\/cconceptt.com.tr\/index.php\/wp-json\/wp\/v2\/comments?post=20234"}],"version-history":[{"count":3,"href":"https:\/\/cconceptt.com.tr\/index.php\/wp-json\/wp\/v2\/pages\/20234\/revisions"}],"predecessor-version":[{"id":20257,"href":"https:\/\/cconceptt.com.tr\/index.php\/wp-json\/wp\/v2\/pages\/20234\/revisions\/20257"}],"wp:attachment":[{"href":"https:\/\/cconceptt.com.tr\/index.php\/wp-json\/wp\/v2\/media?parent=20234"}],"curies":[{"name":"wp","href":"https:\/\/api.w.org\/{rel}","templated":true}]}}