{"id":21668,"date":"2022-06-30T10:56:58","date_gmt":"2022-06-30T07:56:58","guid":{"rendered":"https:\/\/cconceptt.com.tr\/?page_id=21668"},"modified":"2022-08-17T15:31:42","modified_gmt":"2022-08-17T12:31:42","slug":"teslimat-ve-iade-kosullari","status":"publish","type":"page","link":"https:\/\/cconceptt.com.tr\/index.php\/teslimat-ve-iade-kosullari\/","title":{"rendered":"Teslimat ve \u0130ade Ko\u015fullar\u0131"},"content":{"rendered":"<div data-content-type=\"html\" data-appearance=\"default\" data-element=\"main\" data-decoded=\"true\">\n<h1 style=\"font: 700 32px Times New Roman,serif;\">TESL\u0130MAT VE \u0130ADE KO\u015eULLARI<\/h1>\n<\/div>\n<div data-content-type=\"text\" data-appearance=\"default\" data-element=\"main\">\n<h2 style=\"font: 700 24px Roboto Condensed;\">TESL\u0130MAT \u015eEK\u0130LLER\u0130 VE \u00dcCRETLER\u0130<\/h2>\n<p>Sipari\u015fler, i\u015f g\u00fcnlerinde kargoya verilmektedir (Pazartesi&#8217;den Cuma g\u00fcn\u00fcne, resmi tatiller hari\u00e7). Sipari\u015fleriniz size 3-5 i\u015f g\u00fcn\u00fc i\u00e7erisinde ula\u015ft\u0131r\u0131lacakt\u0131r. Bu s\u00fcre i\u00e7erisinde g\u00f6stermi\u015f oldu\u011funuz anlay\u0131\u015f i\u00e7in te\u015fekk\u00fcr ederiz. Kargo \u00fccreti 10,00 T\u00fcrk Liras\u0131&#8217;d\u0131r.<\/p>\n<p>Merkezi olmayan b\u00f6lgelere yap\u0131lan teslimatlarda teslimat s\u00fcresi 5-7 i\u015f g\u00fcn\u00fc aras\u0131 de\u011fi\u015fiklik g\u00f6sterebilir.<\/p>\n<p>T\u00fcrkiye d\u0131\u015f\u0131na ger\u00e7ekle\u015ftirilecek sipari\u015fler kabul edilmemektedir.<\/p>\n<h2 style=\"font: 700 24px Roboto Condensed;\">S\u0130PAR\u0130\u015e DURUMU<\/h2>\n<p>Sipari\u015fleriniz Pazartesi-Cuma g\u00fcnleri aras\u0131nda, sipari\u015flerin verilme s\u0131ras\u0131na g\u00f6re i\u015fleme al\u0131nmaktad\u0131r.<\/p>\n<p>Sipari\u015finizin teslimat durumuyla ilgili bilgi almak istiyorsan\u0131z, l\u00fctfen size e-posta ile g\u00f6nderilen kargo takip numaras\u0131n\u0131 kullan\u0131n\u0131z. Sipari\u015finizle ilgili her t\u00fcrl\u00fc sorunuz i\u00e7in +90(533) 938 27 68 numaral\u0131 telefonu arayarak veya\u00a0info@cconceptt.com.tr\u00a0adresimize e-posta g\u00f6ndererek bize ula\u015fabilirsiniz. Size yard\u0131mc\u0131 olmaktan mutluluk duyar\u0131z.<\/p>\n<h2 style=\"font: 700 24px Roboto Condensed;\">S\u0130PAR\u0130\u015e\u0130N\u0130Z \u0130LE \u0130LG\u0130L\u0130 B\u0130ZE ULA\u015eIN<\/h2>\n<p>Sipari\u015finizdeki \u00fcr\u00fcnler eksik teslim edildiyse, teslim edilen sipari\u015finizde hasarl\u0131 \u00fcr\u00fcn varsa veya benzeri bir durum ile kar\u015f\u0131 kar\u015f\u0131yaysan\u0131z, l\u00fctfen +90 (533) 938 27 68 numaral\u0131 telefonu arayarak veya\u00a0sales@cconceptt.com.tr\u00a0adresine e-posta g\u00f6ndererek M\u00fc\u015fteri Temsilcimize ula\u015f\u0131n\u0131z. Size daha h\u0131zl\u0131 bir \u015fekilde yard\u0131mc\u0131 olabilmemiz i\u00e7in l\u00fctfen sipari\u015f numaran\u0131z\u0131 yan\u0131n\u0131zda bulundurunuz. \u0130htiya\u00e7lar\u0131n\u0131z\u0131 ve beklentilerinizi kar\u015f\u0131lamak i\u00e7in her zaman en iyi hizmeti vermeye \u00f6zen g\u00f6stermekteyiz.<\/p>\n<h2 style=\"font: 700 24px Roboto Condensed;\">\u0130ADE VE DE\u011e\u0130\u015e\u0130M<\/h2>\n<p>https:\/\/www.cconceptt.com.tr&#8217;den verilen sipari\u015fler \u00e7ok h\u0131zl\u0131 bir \u015fekilde i\u015fleme al\u0131n\u0131p, kargoya verildi\u011finden dolay\u0131 maalesef \u00e7o\u011fu zaman verilen sipari\u015fte de\u011fi\u015fiklik veya iptal yap\u0131lamamaktad\u0131r. Bu durum sebebiyle ya\u015fayabilece\u011finiz her t\u00fcrl\u00fc olumsuzluktan dolay\u0131 \u00f6z\u00fcr dileriz.<\/p>\n<p>Sat\u0131n alm\u0131\u015f oldu\u011funuz \u00fcr\u00fcn\u00fcn sizi memnun etmemesi durumunda, \u00fcr\u00fcn\u00fc sat\u0131n alm\u0131\u015f oldu\u011funuz sat\u0131\u015f kanal\u0131 arac\u0131l\u0131\u011f\u0131yla 28 (yirmi sekiz) g\u00fcn i\u00e7erisinde iade edebilirsiniz. \u0130ade bedelinin taraf\u0131n\u0131za iletilece\u011fine %100 garanti veriyoruz.<\/p>\n<p>Sat\u0131n ald\u0131\u011f\u0131n\u0131z \u00fcr\u00fcn \/ \u00fcr\u00fcnleri teslim ald\u0131\u011f\u0131n\u0131z tarihten 28 (yirmi sekiz) g\u00fcn i\u00e7inde hi\u00e7bir gerek\u00e7e g\u00f6stermeksizin iade edebilirsiniz. Sat\u0131n ald\u0131\u011f\u0131n\u0131z \u00fcr\u00fcnleri iade etmek istemeniz halinde hi\u00e7bir gerek\u00e7e g\u00f6stermeksizin sat\u0131n ald\u0131\u011f\u0131n\u0131z \u00fcr\u00fcn \/ \u00fcr\u00fcnleri teslim ald\u0131\u011f\u0131n\u0131z tarihten 28 (yirmi sekiz) g\u00fcn i\u00e7inde iade edebilirsiniz. Sat\u0131n ald\u0131\u011f\u0131n\u0131z \u00fcr\u00fcnleri iade etmek istemeniz halinde irsaliyenizin arka k\u0131sm\u0131nda bulunan iade formunu eksiksiz doldurarak ilgili \u00fcr\u00fcn\u00fc faturan\u0131n bir kopyas\u0131 ile birlikte a\u015fa\u011f\u0131daki iade adresine g\u00f6ndermenizi rica ediyoruz.<\/p>\n<p>T\u00fcketiciler ald\u0131klar\u0131 kargo firmas\u0131ndan ba\u011f\u0131ms\u0131z olarak iadelerini Yurti\u00e7i Kargo ve Aras Kargo ile g\u00f6nderebilirler.<\/p>\n<p>Sipari\u015fin ilk \u00e7\u0131k\u0131\u015f\u0131n\u0131n hangi ta\u015f\u0131y\u0131c\u0131 ile yap\u0131ld\u0131\u011f\u0131n\u0131n bir \u00f6nemi bulunmamaktad\u0131r. Aras kargo ile iadelerin yap\u0131lmas\u0131 durumunda 1314338011109 kodu ile marka bilgisi \u015fubeye belirtilerek iade i\u015flemi ger\u00e7ekle\u015ftirilebilir. Yurti\u00e7i Kargo ile iadelerin yap\u0131lmas\u0131 durumunda 340394319 kodu ile marka bilgisi \u015fubeye iletilerek iade i\u015flemi ger\u00e7ekle\u015ftirilebilir.<\/p>\n<p>\u015eenlikk\u00f6y Mahallesi \u0130mbat Sokak Kalyon Villa No:3 Daire:1 Florya-Bak\u0131rk\u00f6y\/\u0130STANBUL<\/p>\n<p>\u0130ade s\u00fcreci ile ilgili daha detayl\u0131 bilgi almak i\u00e7in l\u00fctfen +90 (533) 938 27 68 numaral\u0131 telefonu arayarak bize ula\u015f\u0131n. Online ma\u011fazadan sat\u0131n al\u0131nan \u00fcr\u00fcnlerin iadeleri sadece yukar\u0131da belirtilen adresimize ger\u00e7ekle\u015ftirilmektedir.<\/p>\n<p>\u00dcr\u00fcnlerin iadesi ile ilgili daha detayl\u0131 bilgiye ihtiyac\u0131n\u0131z olmas\u0131 durumunda, l\u00fctfen bize +90 (533) 938 27 68 numaral\u0131 telefonu arayarak ula\u015f\u0131n\u0131z. Size yard\u0131mc\u0131 olmaktan mutluluk duyar\u0131z.<\/p>\n<h2 style=\"font: 700 24px Roboto Condensed;\">ULUSLARARASI TESL\u0130MAT<\/h2>\n<p>Sitemizden verilen sipari\u015fler i\u00e7in \u015fu anda T\u00fcrkiye d\u0131\u015f\u0131na hizmet veremedi\u011fimizi \u00fcz\u00fclerek belirtmek isteriz. +90 (533) 938 27 68 numaral\u0131 telefonu arayarak sizi sipari\u015f hatt\u0131m\u0131z\u0131 kullanmaya davet ediyoruz.<\/p>\n<h2 style=\"font: 700 24px Roboto Condensed;\">CCONCEPTT HEALTH MEMNUN\u0130YET GARANT\u0130S\u0130<\/h2>\n<p>Cconceptt Health olarak vermi\u015f oldu\u011fumuz hizmetin, sa\u011flad\u0131\u011f\u0131m\u0131z \u00fcr\u00fcnlerin ve m\u00fc\u015fterilerimizin her zaman arkas\u0131nda duruyoruz. \u0130\u015fte bu y\u00fczden vermi\u015f oldu\u011funuz her sipari\u015ften %100 memnun kalaca\u011f\u0131n\u0131z\u0131 garanti ediyoruz. Herhangi bir sebepten dolay\u0131, sat\u0131n alm\u0131\u015f oldu\u011funuz \u00fcr\u00fcnden memnun kalmazsan\u0131z, \u00fcr\u00fcnlerimizi sat\u0131n alm\u0131\u015f oldu\u011funuz sat\u0131\u015f kanal\u0131 arac\u0131l\u0131\u011f\u0131yla iade edebilirsiniz. \u0130ade bedelinin taraf\u0131n\u0131za iletilece\u011fine %100 garanti\u00a0veriyoruz.<\/p>\n<\/div>\n","protected":false},"excerpt":{"rendered":"<p>TESL\u0130MAT VE \u0130ADE KO\u015eULLARI TESL\u0130MAT \u015eEK\u0130LLER\u0130 VE \u00dcCRETLER\u0130 Sipari\u015fler, i\u015f g\u00fcnlerinde kargoya verilmektedir (Pazartesi&#8217;den Cuma g\u00fcn\u00fcne, resmi tatiller hari\u00e7). Sipari\u015fleriniz [&hellip;]<\/p>\n","protected":false},"author":1,"featured_media":0,"parent":0,"menu_order":0,"comment_status":"closed","ping_status":"open","template":"","meta":{"om_disable_all_campaigns":false,"_monsterinsights_skip_tracking":false,"_monsterinsights_sitenote_active":false,"_monsterinsights_sitenote_note":"","_monsterinsights_sitenote_category":0,"footnotes":""},"class_list":["post-21668","page","type-page","status-publish","hentry"],"acf":[],"aioseo_notices":[],"_links":{"self":[{"href":"https:\/\/cconceptt.com.tr\/index.php\/wp-json\/wp\/v2\/pages\/21668","targetHints":{"allow":["GET"]}}],"collection":[{"href":"https:\/\/cconceptt.com.tr\/index.php\/wp-json\/wp\/v2\/pages"}],"about":[{"href":"https:\/\/cconceptt.com.tr\/index.php\/wp-json\/wp\/v2\/types\/page"}],"author":[{"embeddable":true,"href":"https:\/\/cconceptt.com.tr\/index.php\/wp-json\/wp\/v2\/users\/1"}],"replies":[{"embeddable":true,"href":"https:\/\/cconceptt.com.tr\/index.php\/wp-json\/wp\/v2\/comments?post=21668"}],"version-history":[{"count":17,"href":"https:\/\/cconceptt.com.tr\/index.php\/wp-json\/wp\/v2\/pages\/21668\/revisions"}],"predecessor-version":[{"id":21674,"href":"https:\/\/cconceptt.com.tr\/index.php\/wp-json\/wp\/v2\/pages\/21668\/revisions\/21674"}],"wp:attachment":[{"href":"https:\/\/cconceptt.com.tr\/index.php\/wp-json\/wp\/v2\/media?parent=21668"}],"curies":[{"name":"wp","href":"https:\/\/api.w.org\/{rel}","templated":true}]}}