{"id":21688,"date":"2022-06-30T10:56:58","date_gmt":"2022-06-30T07:56:58","guid":{"rendered":"https:\/\/cconceptt.com.tr\/?page_id=21688"},"modified":"2022-08-17T15:51:12","modified_gmt":"2022-08-17T12:51:12","slug":"gizlilik-politikasi-2","status":"publish","type":"page","link":"https:\/\/cconceptt.com.tr\/index.php\/gizlilik-politikasi-2\/","title":{"rendered":"Gizlilik Politikas\u0131"},"content":{"rendered":"<h1 style=\"font:700 32px Times New Roman,serif\" ;=\"\">CCONCEPTT HEALTH G\u0130ZL\u0130L\u0130K POL\u0130T\u0130KASI<\/h1>\n<div data-content-type=\"text\" data-appearance=\"default\" data-element=\"main\">\n<h2 style=\"font: 700 24px Roboto Condensed;\">1. Genel<\/h2>\n<p>1.1 \u015eenlikk\u00f6y Mahallesi \u0130mbat Sokak Kalyon Villa No:3 Daire:1 Florya-Bak\u0131rk\u00f6y\/\u0130stanbul adresinde mukim Cconceptt Health M\u00fchendislik ve D\u0131\u015f Ticaret \u0130\u015flemleri, https:\/\/www.cconceptt.com.tr \u0130nternet Sitesi ve di\u011fer ortak olunan ilgili \u0130nternet siteleri, mobil uyumlu uygulamalar ve mobil uyumlu \u0130nternet siteleri, mikro siteler ve alt siteler (&#8220;\u0130nternet Sitesi&#8221;) arac\u0131l\u0131\u011f\u0131yla elde edilen bilgilere ili\u015fkin kabul etti\u011fi ilkeler hakk\u0131nda sizleri bilgilendirmek amac\u0131yla i\u015fbu Gizlilik Politikas\u0131&#8217;n\u0131 yay\u0131nlamaktad\u0131r.<\/p>\n<p>1.2. \u0130\u015fbu Gizlilik Politikas\u0131&#8217;na ili\u015fkin kabul\u00fcn\u00fcz ile sizinle ilgili s\u00f6z konusu bilgilerin bu Gizlilik Politikas\u0131 uyar\u0131nca toplanmas\u0131na, depolanmas\u0131na, kullan\u0131lmas\u0131na, transfer edilmesine ve a\u00e7\u0131klanmas\u0131na r\u0131za g\u00f6stermekte ve bu Gizlilik Politikas\u0131&#8217;na tabi oldu\u011funuzu kabul etmektesiniz.<\/p>\n<p>1.3.\u00a0Cconceptt Health, T\u00fcrk hukukunda kabul edilmi\u015f olan ki\u015fisel verilerin korunmas\u0131na dair d\u00fczenlemelere uygun olarak hareket etmeyi ve bu a\u00e7\u0131dan her bir \u00fcyenin Cconceptt Health taraf\u0131ndan kay\u0131t edilen kendi ki\u015fisel bilgilerine eri\u015fme, bu bilgilerle ilgili bilgilendirilme, bu bilgileri de\u011fi\u015ftirme, bilgilere ekleme yapma veya bilgileri iptal etme ve bu bilgilerin kullan\u0131l\u0131p kullan\u0131lmad\u0131\u011f\u0131n\u0131 sorma hakk\u0131 bulundu\u011funu taahh\u00fct etmektedir. Gizli veriler yaln\u0131zca \u00dcyenin a\u00e7\u0131k bir \u015fekilde kabul\u00fc \u00fczerine i\u015fleme al\u0131nabilir.<\/p>\n<h2 style=\"font: 700 24px Roboto Condensed;\">2. Bilgi Toplama<\/h2>\n<p>2.1\u00a0Cconceptt Health \u0130nternet Sitesi&#8217;ni ziyaret etti\u011finizde, di\u011fer t\u00fcm \u0130nternet sitelerini ziyaret etti\u011finizde oldu\u011fu gibi, ziyaretiniz ile ilgili kulland\u0131\u011f\u0131n\u0131z taray\u0131c\u0131n\u0131n cinsi, sunucu ad\u0131 ve \u0130nternet&#8217;e eri\u015fim sa\u011flad\u0131\u011f\u0131n\u0131z IP adresi (&#8220;aol.com&#8221; veya &#8220;earthlink.net&#8221; gibi), \u0130nternet Sitesi&#8217;ni ziyaret etti\u011finiz tarih ve zaman, Cconceptt Health \u0130nternet Sitesi taray\u0131c\u0131n\u0131zda a\u00e7\u0131kken ziyaret etti\u011finiz di\u011fer sayfalar ve e\u011fer varsa sizi do\u011frudan Cconceptt Health \u0130nternet Sitesi&#8217;ne getiren \u0130nternet sitesinin \u0130nternet adresi gibi hususlar\u0131 da i\u00e7erebilecek belirli anonim bilgiler otomatik olarak kaydedilir. Bu bilgiler ki\u015fisel bilgi olu\u015fturmaz. Zira ilgili bilgiler arac\u0131l\u0131\u011f\u0131yla herhangi bir kimlik tespiti yapmak m\u00fcmk\u00fcn de\u011fildir.<\/p>\n<h2 style=\"font: 700 24px Roboto Condensed;\">3. Ki\u015fisel Bilgi<\/h2>\n<p>3.1\u00a0Ki\u015fisel bilgi, sizi ki\u015fisel olarak belirlenebilir k\u0131lan ve herhangi birinin sizinle irtibat kurmas\u0131n\u0131 sa\u011flayacak; \u00f6rne\u011fin ad-soyad, adres, telefon\/faks numaras\u0131, sosyal g\u00fcvenlik numaras\u0131, e-posta adresi veya Kiehls.com.tr&#8217;a sa\u011flam\u0131\u015f oldu\u011funuz ve kimli\u011finizi a\u00e7\u0131\u011fa \u00e7\u0131karan herhangi bir bilgidir.<\/p>\n<p>3.2. \u0130nternet Sitesi siz sa\u011flamad\u0131k\u00e7a size ili\u015fkin herhangi bir ki\u015fisel bilgi toplamayacakt\u0131r. Bundan dolay\u0131, Sitesi&#8217;nin size ili\u015fkin herhangi bir ki\u015fisel bilgi edinmesini istememeniz halinde bu bilgileri \u0130nternet Sitesi&#8217;ne sa\u011flamay\u0131n\u0131z. Sitesi&#8217;ni size ili\u015fkin ki\u015fisel bilgi sa\u011flamadan da ziyaret edip gezebilirsiniz. Size ili\u015fkin ki\u015fisel bilgileri sa\u011flamay\u0131 da se\u00e7ebilirsiniz ki bu ki\u015fisel bilgiler ancak a\u015fa\u011f\u0131da a\u00e7\u0131klanaca\u011f\u0131 \u015fekilde muhafaza edilebilecektir. Sitesi a\u015fa\u011f\u0131da belirtilenlere benzer y\u00f6ntemlerle ki\u015fisel bilgilerinizi toplayabilir:<\/p>\n<p>3.2.1.Kay\u0131t Formlar\u0131\u00a0\u2013 Size bir promosyona kat\u0131lma, Cconceptt Health \u0130nternet Sitesi&#8217;nin kay\u0131tl\u0131 kullan\u0131c\u0131s\u0131 olma veya ba\u015fka bir site vas\u0131tas\u0131yla Cconceptt Health&#8217;e ili\u015fkin bilgi alma \u015fans\u0131 teklif edildi\u011finde, bunlara sitedeki kay\u0131t formunu doldurmak sureti ile ba\u015fvurmal\u0131s\u0131n\u0131z. Bu form; isminiz, e-posta adresiniz, ev\/i\u015f adresiniz, telefon numaran\u0131z, ilgi alanlar\u0131n\u0131z, \u00fcr\u00fcn kullan\u0131m\u0131n\u0131z ve\/veya gizli ki\u015fisel \u015fifre de d\u00e2hil ve fakat bunlarla s\u0131n\u0131rl\u0131 olmayabilecek ki\u015fisel bilgiler girilmesini talep edecektir. \u0130\u015flemler ve Faaliyet \u2013 Cconceptt Health \u0130nternet Sitesi&#8217;nin kay\u0131tl\u0131 bir kullan\u0131c\u0131s\u0131 olman\u0131z veya Cconceptt Health \u0130nternet Sitesi vas\u0131tas\u0131yla herhangi bir i\u015flem ger\u00e7ekle\u015ftirmeniz halinde; Sitesi&#8217;ndeyken ger\u00e7ekle\u015ftirdi\u011finiz i\u015flemler ve sitedeki faaliyetiniz hakk\u0131nda bilgi toplar. Bu bilgi, \u0130nternet Sitesi&#8217;nin ziyaret etmi\u015f oldu\u011funuz sayfalar\u0131; i\u015flem tipi; g\u00f6r\u00fcnt\u00fcledi\u011finiz, indirdi\u011finiz veya sa\u011flad\u0131\u011f\u0131n\u0131z i\u00e7erik; i\u015flem bedeli; \u00f6deme, nakliyat ve fatura bilgisi ile sat\u0131n alm\u0131\u015f oldu\u011funuz mal ve hizmetlerin cinsi, miktar\u0131 ve fiyat\u0131 ve kendileriyle ileti\u015fim kurdu\u011funuz veya i\u015flem ger\u00e7ekle\u015ftirdi\u011finiz ki\u015filer veya t\u00fczel ki\u015filer de d\u00e2hil ve fakat bunlarla s\u0131n\u0131rl\u0131 olmayan hususlar\u0131 i\u00e7erebilir.<\/p>\n<p>3.2.2. E-posta ve di\u011fer iste\u011fe ba\u011fl\u0131 ileti\u015fimler\u00a0&#8211; \u0130nternet Sitesi ile ayr\u0131ca e-posta vas\u0131tas\u0131yla, \u0130nternet sitemiz vas\u0131tas\u0131yla, telefonla, yaz\u0131 ile veya ba\u015fka yollarla ileti\u015fim kurmay\u0131 tercih edebilirsiniz. S\u00f6z konusu yollar ile sa\u011flanan bilgileri topluyoruz. Toplanan bu bilgiler ki\u015fisel bilgi olu\u015fturabilmektedir.<\/p>\n<h2 style=\"font: 700 24px Roboto Condensed;\">4. Bilgi Kullan\u0131m\u0131<\/h2>\n<p>4.1.\u00a0\u0130nternet Sitesi vas\u0131tas\u0131yla toplanm\u0131\u015f olan ki\u015fisel bilgiler \u00f6ncelikli olarak a\u015fa\u011f\u0131da belirtilen ama\u00e7lar i\u00e7in kullanabilecektir:<\/p>\n<p>Kullan\u0131c\u0131lar\u0131n kimli\u011finin belirlenip do\u011frulanmas\u0131na yard\u0131mc\u0131 olunmas\u0131; kullan\u0131c\u0131lar\u0131n hesaplar\u0131n\u0131n veya \u00fcyeliklerinin ba\u015flat\u0131lmas\u0131, muhafaza edilmesi, y\u00f6netilmesi ve bunlara hizmet sa\u011flanmas\u0131; komutlar\u0131n i\u015flenmesi, icra edilmesi veya bunlara hizmet sa\u011flanmas\u0131 veya ve ilgili ileti\u015fim unsurlar\u0131n\u0131n g\u00f6nderilmesi; kullan\u0131c\u0131lara hizmet ve destek sa\u011flanmas\u0131; \u0130nternet Sitesi&#8217;nin, kullan\u0131c\u0131lar\u0131n tercihlerine g\u00f6re uyarlanmas\u0131 da d\u00e2hil olacak \u015fekilde geli\u015ftirilmesi; kullan\u0131c\u0131lara \u00fcr\u00fcn ve hizmet g\u00fcncellemeleri, promosyona dair bildirim ve teklifler ile L&#8217;Or\u00e9al ve ba\u011fl\u0131 \u015firketlerine dair bilgi sa\u011flanmas\u0131; sorular\u0131n\u0131za, yorum ve talimatlar\u0131n\u0131za cevap verilmesi.<\/p>\n<p>4.2. Sistemlerin g\u00fcvenli\u011finin ve b\u00fct\u00fcnl\u00fc\u011f\u00fcn\u00fcn muhafaza edilmesi<\/p>\n<p>\u0130nternet Sitesi, sunucusu taraf\u0131ndan otomatik olarak toplanan anonim gezinme bilgisini \u00f6ncelikli olarak \u0130nternet Sitesi&#8217;nin y\u00f6netilmesi ve geli\u015ftirilmesi i\u00e7in kullan\u0131r. Sitesi ayr\u0131ca reklamc\u0131lar, potansiyel i\u015f ortaklar\u0131 ve Cconceptt Health ile herhangi bir ba\u011flant\u0131s\u0131 olmayan di\u011fer ki\u015filere \u0130nternet Sitesi ile ilgili bilgi sa\u011flamak amac\u0131yla toplu anonim bilgiyi kullanabilir. Kullan\u0131labilecek bu bilgiler ki\u015fisel bilgi olu\u015fturmamaktad\u0131r.<\/p>\n<h2 style=\"font: 700 24px Roboto Condensed;\">5. Bilgilerinizin Yurt D\u0131\u015f\u0131na Aktar\u0131lmas\u0131<\/h2>\n<p>5.1\u00a0\u0130nternet Sitesi \u00fczerinden sizlere sunulan hizmetlerin bir par\u00e7as\u0131 olarak, ibraz etti\u011finiz bilgiler T\u00fcrkiye d\u0131\u015f\u0131ndaki \u00fclkelere aktar\u0131labilir veya bu \u00fclkelerde saklanabilir ve kullan\u0131labilir.<\/p>\n<p>\u00d6rnek verecek olursak; sunucular\u0131m\u0131zdan herhangi birinin muhtelif zamanlarda T\u00fcrkiye d\u0131\u015f\u0131nda bir \u00fclkede yer almas\u0131 veya hizmet sa\u011flay\u0131c\u0131lar\u0131m\u0131zdan birinin T\u00fcrkiye d\u0131\u015f\u0131nda bir \u00fclkede yer almas\u0131 halinde bu durum meydana gelebilir. D\u00fcnyan\u0131n di\u011fer \u00fclkelerinde yer alabilecek di\u011fer e\u015fde\u011fer ulusal kurumlarla da bu bilgileri payla\u015fabiliriz. Bu bilgilerin, T\u00fcrkiye&#8217;ninkine benzer veri koruma kanunlar\u0131 olmayabilir. Bilgilerinizi T\u00fcrkiye d\u0131\u015f\u0131na bu \u015fekilde aktarmam\u0131z halinde, gizlilik haklar\u0131n\u0131z\u0131n, bu gizlilik politikas\u0131nda genel hatlar\u0131 \u00e7izildi\u011fi \u015fekilde korunmaya devam etmesini sa\u011flamak i\u00e7in her t\u00fcrl\u00fc \u00f6nlemi alaca\u011f\u0131z.<\/p>\n<p>5.2\u00a0\u0130nternet Sitesi&#8217;ni T\u00fcrkiye d\u0131\u015f\u0131ndayken kullanman\u0131z halinde, bilgileriniz sizlere ilgili hizmetleri sa\u011flamak amac\u0131yla T\u00fcrkiye d\u0131\u015f\u0131na aktar\u0131labilir.<\/p>\n<p>5.3\u00a0Ki\u015fisel bilgilerinizi sunmakla, bilgilerinizin T\u00fcrkiye d\u0131\u015f\u0131nda yukar\u0131da anlat\u0131ld\u0131\u011f\u0131 \u015fekilde aktar\u0131lmas\u0131n\u0131, saklanmas\u0131n\u0131, kullan\u0131lmas\u0131n\u0131 veya i\u015fleme al\u0131nmas\u0131 kabul etmektesiniz.<\/p>\n<h2 style=\"font: 700 24px Roboto Condensed;\">6. Bilginin A\u00e7\u0131klanmas\u0131<\/h2>\n<p>6.1. \u0130nternet Sitesi, Cconceptt Health ile herhangi bir ba\u011flant\u0131s\u0131 olmayan 3. ki\u015filere size ili\u015fkin do\u011frudan pazarlamada kullan\u0131lmas\u0131 amac\u0131yla ki\u015fisel bilgi sa\u011flamaz. Cconceptt Health, \u0130nternet Sitesi&#8217;nin muhafaza edilmesi ve i\u015fletilmesine yard\u0131mc\u0131 olmas\u0131 amac\u0131yla veya i\u015fin y\u00fcr\u00fct\u00fclmesine ili\u015fkin \u00e7e\u015fitli sebeplerle Cconceptt Health ile herhangi bir ba\u011flant\u0131s\u0131 olmayan \u015firketlerden hizmet alabilecektir. Bu \u015firketler s\u00f6z\u00fc ge\u00e7en ama\u00e7lara hizmet edecek \u015fekilde ki\u015fisel bilgilerinize eri\u015febilirler. Cconceptt Health ayr\u0131ca ki\u015fisel bilgilerinizi mahkeme \u00e7a\u011fr\u0131s\u0131, idari talep veya soru\u015fturma veya kanun alt\u0131nda d\u00fczenlenmi\u015f benzeri hukuki gereklilikler kapsam\u0131nda a\u00e7\u0131klayabilir.<\/p>\n<p>6.2. Cconceptt Health kurumsal varl\u0131klar sat\u0131n alabilecek veya satabilecek ve s\u00f6z konusu i\u015flemler kapsam\u0131nda m\u00fc\u015fteri bilgisi devredilen varl\u0131klardan biri olabilecektir. Cconceptt Health&#8217;in, \u0130nternet yap\u0131land\u0131rmas\u0131n\u0131n veya t\u00fcm varl\u0131klar\u0131n\u0131n b\u00fcy\u00fck oranda sat\u0131n al\u0131nmas\u0131 durumunda, m\u00fc\u015fteri bilgisi devredilen varl\u0131klardan biri olabilecektir.<\/p>\n<h2 style=\"font: 700 24px Roboto Condensed;\">7. \u00c7ocuklar\u0131n Mahremiyeti<\/h2>\n<p>7.1.\u00a0\u0130\u015fbu \u0130nternet Sitesi 18 ya\u015f\u0131nda veya 18 ya\u015f\u0131ndan b\u00fcy\u00fck ki\u015filerin kullan\u0131m\u0131na y\u00f6nelik olarak yap\u0131lm\u0131\u015f ve bu ama\u00e7 i\u00e7in tasarlanm\u0131\u015ft\u0131r. \u0130nternet Sitesi, 18 ya\u015f\u0131n\u0131n alt\u0131nda oldu\u011funu bildi\u011fi hi\u00e7bir ki\u015fi i\u00e7in hesap veya \u00fcyelik ba\u015fvurusu onaylamayacak, hesap veya \u00fcyelik kurmayacak veya bunlar\u0131 muhafaza etmeyecektir. \u0130nternet Sitesi 18 ya\u015f\u0131n alt\u0131ndaki \u00e7ocuklardan ki\u015fisel bilgi talep etmemekte veya ki\u015filerin 18 ya\u015f\u0131n\u0131n alt\u0131nda oldu\u011funun fark\u0131nda olarak ki\u015fisel bilgileri toplamamaktad\u0131r. 18 ya\u015f\u0131n\u0131n alt\u0131nda oldu\u011funu belli eden veya \u0130nternet Sitesi&#8217;nin 18 ya\u015f\u0131n\u0131n alt\u0131nda oldu\u011funa inanmas\u0131 i\u00e7in sebep bulunan ki\u015filerden bilgi topland\u0131\u011f\u0131n\u0131n anla\u015f\u0131lmas\u0131 halinde, \u0130nternet Sitesi bu bilgiyi sistemden silecektir.<\/p>\n<p>7.2.\u00a0Herhangi bir \u00e7ocu\u011fun velisi veya kanuni vasisi \u00e7ocu\u011fun bilgilerinin \u0130nternet Sitesi&#8217;nden silinmesini talep edebilir. Bunun ger\u00e7ekle\u015ftirilebilmesi i\u00e7in bizimle\u00a0info@cconceptt.com.tr\u00a0e-posta adresi vas\u0131tas\u0131yla irtibata ge\u00e7meniz ve ilgili bilgilerin silinmesi iste\u011finizi bize iletmeniz gerekecektir. L\u00fctfen s\u00f6z konusu mesaj\u0131n\u0131zda silinmesinin talep edildi\u011fi hesapla ba\u011flant\u0131l\u0131 olan e-posta adresini belirtiniz.<\/p>\n<h2 style=\"font: 700 24px Roboto Condensed;\">8. \u00c7erezler ve Reklamlar<\/h2>\n<p>8.1.Cconceptt Health \u0130nternet Sitesi&#8217;nin sunucusu veya bu siteyi i\u015fletmesi amac\u0131yla deste\u011fi al\u0131nan \u015firketlerin sunucular\u0131 \u0130nternet Sitesi&#8217;ni kullanman\u0131z\u0131 sa\u011flamak ve deneyiminizi ki\u015fiselle\u015ftirmek amac\u0131yla bilgisayar\u0131n\u0131za &#8220;\u00e7erez&#8221; yerle\u015ftirebilirler.<\/p>\n<p>8.2.\u00a0&#8220;\u00c7erez&#8221;, bilgisayar\u0131n\u0131za bir a\u011f sunucusu vas\u0131tas\u0131yla g\u00f6nderilebilen ve daha sonra taray\u0131c\u0131n\u0131z taraf\u0131ndan bilgisayar\u0131n\u0131z\u0131n sabit diskine kaydedilebilecek k\u00fc\u00e7\u00fck bir bilgi par\u00e7as\u0131d\u0131r. \u00c7erezler Sitesi ziyaretiniz s\u0131ras\u0131nda bilgisayar\u0131n\u0131z\u0131n \u0130nternet Sitesi taraf\u0131ndan tan\u0131nmas\u0131n\u0131 sa\u011flar ve \u00e7evrimi\u00e7i deneyiminizin sizin i\u00e7in uyarlanm\u0131\u015f olmas\u0131na ve sizin i\u00e7in daha kullan\u0131\u015fl\u0131 hale gelmesine yard\u0131mc\u0131 olur. \u00c7erezler ayr\u0131ca kullan\u0131c\u0131lar\u0131n sisteme daha verimli giri\u015f yapabilmeleri, i\u015flem ge\u00e7mi\u015flerini takip edebilmeleri ve oturumlar aras\u0131nda bilgilerin saklanmas\u0131 ile ilintili olarak fayda g\u00f6sterirler. \u00c7erezlerden toplanan bilgiler \u0130nternet Sitesi&#8217;nin fonksiyonunun geli\u015ftirilmesinde de kullan\u0131labilir. Bu \u0130nternet Sitesi&#8217;nde yer alabilecek reklamc\u0131lar ve\/veya di\u011fer i\u00e7erik sa\u011flay\u0131c\u0131lar\u0131 da bu \u0130nternet Sitesi taraf\u0131ndan g\u00f6nderilmeyen \u00e7erezler kullanabilirler.<\/p>\n<p>8.3.\u00a0Bu gibi reklam veya i\u00e7erik &#8220;ki\u015fiselle\u015ftirilmi\u015f&#8221; reklamlar veya kullan\u0131c\u0131lar\u0131n ilgisini \u00e7ekebilecek ba\u015fka mesajlar sa\u011flanmas\u0131 i\u00e7in i\u015fbu \u0130nternet Sitesi&#8217;nin kullan\u0131c\u0131lar\u0131n\u0131n ilgilerini takip edip hedefleyen \u00e7erezler i\u00e7erebilirler. Cconceptt Health&#8217;in bu \u00e7erezlere ili\u015fkin herhangi bir sorumlulu\u011fu bulunmamaktad\u0131r.<\/p>\n<p>8.4.\u00a0\u00c7o\u011fu \u0130nternet taray\u0131c\u0131s\u0131 (Microsoft Internet Explorer, Safari ve Firefox gibi) \u00e7erez ald\u0131\u011f\u0131n\u0131zda veya \u00e7erezlerin g\u00f6nderilmesini engellemeyi diledi\u011finizde sizi uyarabilecek \u00f6zelliklere sahiptir. Bununla beraber \u00e7erezleri ge\u00e7ersiz k\u0131lman\u0131z halinde, bu \u0130nternet Sitesi&#8217;nin baz\u0131 ki\u015fiselle\u015ftirilmi\u015f fonksiyonlar\u0131n\u0131 kullanamayabilirsiniz.<\/p>\n<h2 style=\"font: 700 24px Roboto Condensed;\">9. Elektronik Ticari \u0130letiler<\/h2>\n<p>\u0130\u015fbu Gizlilik Politikas\u0131&#8217;n\u0131 kabul etmeniz halinde telefon, \u00e7a\u011fr\u0131 merkezleri, faks, otomatik arama makineleri, ak\u0131ll\u0131 ses kaydedici sistemler, elektronik posta, k\u0131sa mesaj hizmeti gibi vas\u0131talar kullan\u0131larak, Cconceptt Health \u00fcr\u00fcnleri ve hizmetleri ile ilgili iletileri almay\u0131 da kabul etmi\u015f say\u0131lacaks\u0131n\u0131z.<\/p>\n<h2 style=\"font: 700 24px Roboto Condensed;\">10. D\u0131\u015far\u0131ya Verilen Ba\u011flant\u0131lar<\/h2>\n<p>Cconceptt Health \u0130nternet Sitesi, Sitesi&#8217;nde i\u00e7erik sunan reklamc\u0131lar veya 3. ki\u015fi i\u00e7erik sa\u011flay\u0131c\u0131lar\u0131nki de dahil olacak \u015fekilde ba\u015fka \u0130nternet sitelerine ba\u011flant\u0131lar i\u00e7erebilir. Cconceptt Health&#8217;in di\u011fer \u0130nternet sitelerinin gizlilik uygulamalar\u0131 veya i\u00e7eriklerine dair bir sorumlulu\u011fu olmad\u0131\u011f\u0131 hususunu bilgilerinize sunar\u0131z. Cconceptt Health \u0130nternet Sitesi&#8217;nden\u00a0hyperlink\u00a0vas\u0131tas\u0131yla ula\u015f\u0131labilen \u0130nternet siteleri \u00e7erez kullan\u0131yor olabilirler. Cconceptt Health, ba\u015fka \u0130nternet sitelerine ki\u015fisel bilgilerinizi sa\u011flamadan \u00f6nce bu siteler taraf\u0131ndan sa\u011flanm\u0131\u015f gizlilik ilkelerini okuman\u0131z\u0131 \u00f6nermektedir.<\/p>\n<h2 style=\"font: 700 24px Roboto Condensed;\">11. G\u00fcvenlik<\/h2>\n<p>\u0130nternet Sitesi ki\u015fisel bilgileri korumak amac\u0131yla fiziksel, elektronik ve usuli korumalar i\u00e7ermektedir. Sitede i\u015flem yap\u0131lmas\u0131 imkan\u0131 tan\u0131nmas\u0131 halinde, i\u015flem bilgisi bu bilgilerin ele ge\u00e7irilmesinin engellenmesine yard\u0131mc\u0131 olmas\u0131 i\u00e7in kullan\u0131lan end\u00fcstri standard\u0131\u00a0Secure Sockets Layer\u00a0(SSL) ba\u011flant\u0131lar\u0131 kullan\u0131larak \u015fifreli halde \u0130nternet Sitesi&#8217;ne ula\u015f\u0131r ve buradan yine ayn\u0131 \u015fekilde g\u00f6nderilir. \u0130nternet Sitesi, ki\u015fisel bilgilerinize izinli ula\u015f\u0131m\u0131 yaln\u0131zca size \u00fcr\u00fcn ve hizmet sa\u011flamak amac\u0131yla ki\u015fisel bilgilerinize ula\u015fmak i\u00e7in me\u015fru amac\u0131 olan ki\u015filer ve bu bilgilere ula\u015fabilmesi i\u00e7in \u00f6zel olarak yetkilendirmi\u015f oldu\u011funuz ki\u015filere \u00f6zg\u00fcler. T\u00fcm bunlarla beraber, \u0130nternet vas\u0131tas\u0131 ile g\u00f6ndermi\u015f oldu\u011funuz her e-posta veya g\u00f6nderinin izinsiz ele ge\u00e7irilmesi ihtimalinin var oldu\u011fu hususunu bilgilerinize sunar\u0131z.<\/p>\n<h2 style=\"font: 700 24px Roboto Condensed;\">12. \u0130rtibat<\/h2>\n<p>Gizlilik uygulamalar\u0131m\u0131zla ilgili g\u00f6r\u00fc\u015flerinizi belirtmek veya ki\u015fisel bilgilerinizle ilgili herhangi bir soru sormak i\u00e7in bizimle irtibat kurmak isterseniz, irtibat sayfam\u0131z \u00fczerinden ileti\u015fime ge\u00e7ebilirsiniz.<\/p>\n<\/div>\n","protected":false},"excerpt":{"rendered":"<p>CCONCEPTT HEALTH G\u0130ZL\u0130L\u0130K POL\u0130T\u0130KASI 1. Genel 1.1 \u015eenlikk\u00f6y Mahallesi \u0130mbat Sokak Kalyon Villa No:3 Daire:1 Florya-Bak\u0131rk\u00f6y\/\u0130stanbul adresinde mukim Cconceptt Health [&hellip;]<\/p>\n","protected":false},"author":1,"featured_media":0,"parent":0,"menu_order":0,"comment_status":"closed","ping_status":"open","template":"","meta":{"om_disable_all_campaigns":false,"_monsterinsights_skip_tracking":false,"_monsterinsights_sitenote_active":false,"_monsterinsights_sitenote_note":"","_monsterinsights_sitenote_category":0,"footnotes":""},"class_list":["post-21688","page","type-page","status-publish","hentry"],"acf":[],"aioseo_notices":[],"_links":{"self":[{"href":"https:\/\/cconceptt.com.tr\/index.php\/wp-json\/wp\/v2\/pages\/21688","targetHints":{"allow":["GET"]}}],"collection":[{"href":"https:\/\/cconceptt.com.tr\/index.php\/wp-json\/wp\/v2\/pages"}],"about":[{"href":"https:\/\/cconceptt.com.tr\/index.php\/wp-json\/wp\/v2\/types\/page"}],"author":[{"embeddable":true,"href":"https:\/\/cconceptt.com.tr\/index.php\/wp-json\/wp\/v2\/users\/1"}],"replies":[{"embeddable":true,"href":"https:\/\/cconceptt.com.tr\/index.php\/wp-json\/wp\/v2\/comments?post=21688"}],"version-history":[{"count":6,"href":"https:\/\/cconceptt.com.tr\/index.php\/wp-json\/wp\/v2\/pages\/21688\/revisions"}],"predecessor-version":[{"id":21694,"href":"https:\/\/cconceptt.com.tr\/index.php\/wp-json\/wp\/v2\/pages\/21688\/revisions\/21694"}],"wp:attachment":[{"href":"https:\/\/cconceptt.com.tr\/index.php\/wp-json\/wp\/v2\/media?parent=21688"}],"curies":[{"name":"wp","href":"https:\/\/api.w.org\/{rel}","templated":true}]}}