{"id":21739,"date":"2015-09-24T22:02:43","date_gmt":"2015-09-24T19:02:43","guid":{"rendered":"https:\/\/cconceptt.com.tr\/index.php\/dogal-kozmetik-urunler-2\/"},"modified":"2022-08-26T16:06:50","modified_gmt":"2022-08-26T13:06:50","slug":"hakkimizda","status":"publish","type":"page","link":"https:\/\/cconceptt.com.tr\/index.php\/hakkimizda\/","title":{"rendered":"Hakk\u0131m\u0131zda"},"content":{"rendered":"<p><div class=\"fusion-fullwidth fullwidth-box fusion-builder-row-1 fusion-flex-container has-pattern-background has-mask-background fusion-parallax-none nonhundred-percent-fullwidth non-hundred-percent-height-scrolling lazyload\" style=\"background-color: var(--awb-color7);background-position: center center;background-repeat: no-repeat;border-width: 0px 0px 0px 0px;border-color:hsla(var(--awb-color3-h),calc( var(--awb-color3-s) + 2% ),var(--awb-color3-l),var(--awb-color3-a));border-style:solid;-webkit-background-size:cover;-moz-background-size:cover;-o-background-size:cover;background-size:cover;\" data-bg=\"https:\/\/cconceptt.com.tr\/wp-content\/uploads\/2022\/06\/16252.jpg\" ><div class=\"fusion-builder-row fusion-row fusion-flex-align-items-flex-start\" style=\"max-width:1216.8px;margin-left: calc(-4% \/ 2 );margin-right: calc(-4% \/ 2 );\"><div class=\"fusion-layout-column fusion_builder_column fusion-builder-column-0 fusion_builder_column_1_1 1_1 fusion-flex-column fusion-flex-align-self-flex-start fusion-column-no-min-height\"><div class=\"fusion-column-wrapper fusion-flex-justify-content-flex-start fusion-content-layout-column\" style=\"background-position:left top;background-blend-mode: overlay;background-repeat:no-repeat;-webkit-background-size:cover;-moz-background-size:cover;-o-background-size:cover;background-size:cover;padding: 0px 0px 0px 0px;\"><style type=\"text\/css\">@media only screen and (max-width:1024px) {.fusion-title.fusion-title-1{margin-top:10px!important; margin-right:!important;margin-bottom:12px!important;margin-left:!important;}}@media only screen and (max-width:640px) {.fusion-title.fusion-title-1{margin-top:10px!important; margin-right:!important;margin-bottom:20px!important; margin-left:!important;}}<\/style><div class=\"fusion-title title fusion-title-1 fusion-title-center fusion-title-text fusion-title-size-one\" style=\"font-size:70px;margin-top:10px;margin-bottom:12px;\"><div class=\"title-sep-container title-sep-container-left\"><div class=\"title-sep sep-\" style=\"border-color:var(--awb-color3);\"><\/div><\/div><span class=\"awb-title-spacer\"><\/span><h1 class=\"title-heading-center fusion-responsive-typography-calculated\" style=\"margin:0;font-size:1em;color:var(--awb-color1);--fontSize:70;line-height:1.2;\">Biz Kimiz<\/h1><span class=\"awb-title-spacer\"><\/span><div class=\"title-sep-container title-sep-container-right\"><div class=\"title-sep sep-\" style=\"border-color:var(--awb-color3);\"><\/div><\/div><\/div><div class=\"fusion-text fusion-text-1\" style=\"text-align:center;font-size:18px;line-height:30px;letter-spacing:3px;color:var(--awb-color1);\"><p>CCONCEPTT HEALTH<\/p>\n<\/div><\/div><style type=\"text\/css\">.fusion-body .fusion-builder-column-0{width:100% !important;margin-top : 0px;margin-bottom : 0px;}.fusion-builder-column-0 > .fusion-column-wrapper {padding-top : 0px !important;padding-right : 0px !important;margin-right : 1.92%;padding-bottom : 0px !important;padding-left : 0px !important;margin-left : 1.92%;}@media only screen and (max-width:1024px) {.fusion-body .fusion-builder-column-0{width:100% !important;}.fusion-builder-column-0 > .fusion-column-wrapper {margin-right : 1.92%;margin-left : 1.92%;}}@media only screen and (max-width:640px) {.fusion-body .fusion-builder-column-0{width:100% !important;}.fusion-builder-column-0 > .fusion-column-wrapper {margin-right : 1.92%;margin-left : 1.92%;}}<\/style><\/div><\/div><style type=\"text\/css\">.fusion-body .fusion-flex-container.fusion-builder-row-1{ padding-top : 20px;margin-top : 0px;padding-right : 0px;padding-bottom : 20px;margin-bottom : 0px;padding-left : 0px;}<\/style><\/div><div class=\"fusion-fullwidth fullwidth-box fusion-builder-row-2 fusion-flex-container has-pattern-background has-mask-background nonhundred-percent-fullwidth non-hundred-percent-height-scrolling\" style=\"background-color: var(--awb-color1);background-position: left top;background-repeat: no-repeat;border-width: 0px 0px 0px 0px;border-color:hsla(var(--awb-color3-h),calc( var(--awb-color3-s) + 2% ),var(--awb-color3-l),var(--awb-color3-a));border-style:solid;\" ><div class=\"fusion-builder-row fusion-row fusion-flex-align-items-flex-start\" style=\"max-width:calc( 1170px + 0px );margin-left: calc(-0px \/ 2 );margin-right: calc(-0px \/ 2 );\"><div class=\"fusion-layout-column fusion_builder_column fusion-builder-column-1 fusion_builder_column_1_1 1_1 fusion-flex-column fusion-flex-align-self-flex-start fusion-column-no-min-height\"><div class=\"fusion-column-wrapper fusion-flex-justify-content-flex-start fusion-content-layout-column\" style=\"background-position:left top;background-blend-mode: overlay;background-repeat:no-repeat;-webkit-background-size:cover;-moz-background-size:cover;-o-background-size:cover;background-size:cover;padding: 0px 0px 0px 0px;\"><div class=\"fusion-text fusion-text-2\"><p>CCONCEPTT M\u00dcHEND\u0130SL\u0130K, sa\u011fl\u0131kl\u0131 ya\u015fam\u0131n vazge\u00e7ilmez unsuru olan hijyeni sa\u011flamak amac\u0131yla sekt\u00f6re end\u00fcstriyel \u00fcr\u00fcnler ve teknik hizmetler sunmak amac\u0131yla 2012 y\u0131l\u0131nda \u0130stanbul&#8217;da kurulmu\u015ftur.<\/p>\n<p>Uzman Ar-Ge ekibimiz ile CCONCEPTT HEALTH tescilli \u00fcr\u00fcnleri ile sekt\u00f6rde kendini kan\u0131tlam\u0131\u015f, d\u00fcnyadaki geli\u015fmeleri yak\u0131ndan takip ederek ihtiya\u00e7lar\u0131n\u0131za profesyonel hijyen \u00e7\u00f6z\u00fcmleri sunmaktad\u0131r.<\/p>\n<p>\u00dcretim s\u00fcrecinde ekolojik dengeyi ve insan sa\u011fl\u0131\u011f\u0131n\u0131 korumak i\u00e7in biyolojik olarak par\u00e7alanabilen organik hammaddelerden olu\u015fan y\u00fcksek performansl\u0131 ve \u00e7evre dostu \u00fcr\u00fcnler sunuyoruz.<\/p>\n<p>\u00dcr\u00fcnlerimizde \u00e7al\u0131\u015ft\u0131\u011f\u0131m\u0131z firmalar sayesinde ISO 9001 \/ 14001 \/ OHSAS 18001 kalite y\u00f6netimi, CE Kalite standartlar\u0131, G\u0130MDES Helal Belgesi, G\u00fcmr\u00fck Ticaret Bakanl\u0131\u011f\u0131 Tebligat Belgesi gibi bir\u00e7ok belge ve standarda sahibiz.<\/p>\n<p>Zengin \u00fcr\u00fcn yelpazemiz ile uzman sat\u0131\u015f personelimiz aktif bayiliklerimizle i\u00e7 piyasada faaliyet g\u00f6sterirken; d\u0131\u015f pazarlarda Avrupa \u00fclkeleri, Ortado\u011fu, K\u00f6rfez \u00fclkeleri, T\u00fcrki Cumhuriyetler, Rusya, Uzak Do\u011fu ve Kuzey Afrika \u00fclkelerine ihracat yapmaktay\u0131z.<\/p>\n<p>Dozaj seyreltme \u00fcniteleri ile \u00e7al\u0131\u015fanlar\u0131n kimyasal maddelerle temas\u0131 minimum seviyede tutularak, daha az su, daha az elektrik, daha az i\u015f\u00e7ilik ve daha \u00e7evre dostu \u00fcretim teknikleri ile; en kaliteli, en hesapl\u0131 ve y\u00fcksek standartl\u0131 hijyen \u00e7\u00f6z\u00fcmlerini sunuyoruz.<\/p>\n<p>Firmam\u0131z hijyenin s\u00fcreklili\u011fini sa\u011flamak i\u00e7in m\u00fc\u015fteriye \u00f6zel hijyen e\u011fitim planlar\u0131, \u00fcr\u00fcn geli\u015ftirme, dan\u0131\u015fmanl\u0131k ve sat\u0131\u015f sonras\u0131 teknik destek sa\u011flamay\u0131 taahh\u00fct eder.Bu nedenle m\u00fc\u015fterilerine hem pratik hem de teorik e\u011fitim programlar\u0131n\u0131 \u00fccretsiz olarak sunmaktad\u0131r.<\/p>\n<p>Hijyenik ve sa\u011fl\u0131kl\u0131 ortamlar dileriz.<\/p>\n<p>Banu S\u00d6NMEZ<\/p>\n<\/div><\/div><style type=\"text\/css\">.fusion-body .fusion-builder-column-1{width:100% !important;margin-top : 0px;margin-bottom : 0px;}.fusion-builder-column-1 > .fusion-column-wrapper {padding-top : 0px !important;padding-right : 0px !important;margin-right : 0px;padding-bottom : 0px !important;padding-left : 0px !important;margin-left : 0px;}@media only screen and (max-width:1024px) {.fusion-body .fusion-builder-column-1{width:100% !important;}.fusion-builder-column-1 > .fusion-column-wrapper {margin-right : 0px;margin-left : 0px;}}@media only screen and (max-width:640px) {.fusion-body .fusion-builder-column-1{width:100% !important;}.fusion-builder-column-1 > .fusion-column-wrapper {margin-right : 0px;margin-left : 0px;}}<\/style><\/div><\/div><style type=\"text\/css\">.fusion-body .fusion-flex-container.fusion-builder-row-2{ padding-top : 0px;margin-top : 3%;padding-right : 0px;padding-bottom : 0px;margin-bottom : 0px;padding-left : 0px;}<\/style><\/div><\/p>\n","protected":false},"excerpt":{"rendered":"","protected":false},"author":1,"featured_media":0,"parent":0,"menu_order":0,"comment_status":"closed","ping_status":"closed","template":"100-width.php","meta":{"om_disable_all_campaigns":false,"_monsterinsights_skip_tracking":false,"_monsterinsights_sitenote_active":false,"_monsterinsights_sitenote_note":"","_monsterinsights_sitenote_category":0,"footnotes":""},"class_list":["post-21739","page","type-page","status-publish","hentry"],"acf":[],"aioseo_notices":[],"_links":{"self":[{"href":"https:\/\/cconceptt.com.tr\/index.php\/wp-json\/wp\/v2\/pages\/21739","targetHints":{"allow":["GET"]}}],"collection":[{"href":"https:\/\/cconceptt.com.tr\/index.php\/wp-json\/wp\/v2\/pages"}],"about":[{"href":"https:\/\/cconceptt.com.tr\/index.php\/wp-json\/wp\/v2\/types\/page"}],"author":[{"embeddable":true,"href":"https:\/\/cconceptt.com.tr\/index.php\/wp-json\/wp\/v2\/users\/1"}],"replies":[{"embeddable":true,"href":"https:\/\/cconceptt.com.tr\/index.php\/wp-json\/wp\/v2\/comments?post=21739"}],"version-history":[{"count":11,"href":"https:\/\/cconceptt.com.tr\/index.php\/wp-json\/wp\/v2\/pages\/21739\/revisions"}],"predecessor-version":[{"id":21753,"href":"https:\/\/cconceptt.com.tr\/index.php\/wp-json\/wp\/v2\/pages\/21739\/revisions\/21753"}],"wp:attachment":[{"href":"https:\/\/cconceptt.com.tr\/index.php\/wp-json\/wp\/v2\/media?parent=21739"}],"curies":[{"name":"wp","href":"https:\/\/api.w.org\/{rel}","templated":true}]}}